{"id":1113,"date":"2018-08-27T09:53:51","date_gmt":"2018-08-27T07:53:51","guid":{"rendered":"https:\/\/bildungsportal.sachsen.de\/microsite\/?page_id=1113"},"modified":"2019-08-23T13:57:59","modified_gmt":"2019-08-23T11:57:59","slug":"allgemeines","status":"publish","type":"page","link":"https:\/\/bildungsportal.sachsen.de\/impulse\/und-nun\/allgemeines\/","title":{"rendered":"Allgemeines"},"content":{"rendered":"<div  data-label=\"Einleitung\" data-id=\"content--1\" data-export-id=\"content-12\" data-category=\"content\" class=\"content-12 content-section content-section-spacing\" id=\"einleitung\" style=\"background-color: rgb(255, 255, 255);\"><div  class=\"gridContainer\"> <div  class=\"row text-center\"><div  class=\"section-title-col\" data-type=\"column\"> <h2  class=\"\">Allgemeine Informationen zum Thema E-Learning<\/h2> <p  class=\"lead\">Auf dieser Seite finden Sie weiterf\u00fchrende allgemeine Informationen zum Thema E-Learning.<\/p><\/div> <\/div> <div  class=\"row center-xs middle-xs\"> <div  class=\"col-sm-9\" data-type=\"column\"> <\/div> <\/div><\/div> <\/div><div  data-label=\"Broschueren\" data-id=\"overlappable--1\" data-export-id=\"overlappable-1\" data-category=\"overlappable\" class=\"overlappable-1 content-section content-section-spacing\" data-overlap=\"true\" id=\"broschueren\" style=\"background-color: rgb(255, 255, 255); background-image: none;\"><div  class=\"gridContainer\"> <div  data-type=\"row\" class=\"row shadow-medium flex-grow\"><div  data-type=\"column\" class=\"col-xs-12 col-sm-4 bg-color-white col-padding col-padding-small-xs col-md-12\">  <h5  class=\"\">INFORMATIONSBROSCH\u00dcREN ZUM THEMA \u201eDIGITALES LEHREN UND LERNEN IN DER HOCHSCHULE\u201c<\/h5> <p  class=\"\" style=\"text-align: left;\">Die drei Informationsbrosch\u00fcren vom Medienzentrum der TU Dresden zum Thema \u201eDigitales Lehren und Lernen in der Hochschule\u201c enthalten Good-Practice-Beispiele, Tipps zur Umsetzung sowie Vorstellungen von Methoden und Werkzeugen. Die behandelten Themen sind Organisation der Lehre, Betreuung und Zusammenarbeit.<\/p> <a  class=\"link\" href=\"https:\/\/tu-dresden.de\/elearning\/heft01\" target=\"_blank\" data-cp-link=\"1\" rel=\"noopener noreferrer\">Heft 01: Flexibilit\u00e4t und Vielseitigkeit mit digitalen Lehr- und Lernmaterialien erh\u00f6hen <\/a><a  class=\"link\" href=\"https:\/\/tu-dresden.de\/elearning\/heft02\" target=\"_blank\" data-cp-link=\"1\" rel=\"noopener noreferrer\">Heft 02: Mehr Feedback f\u00fcr bessere Lehre. M\u00f6glichkeiten des E-Assessments<\/a><a  class=\"link\" href=\"https:\/\/tu-dresden.de\/elearning\/heft03\" target=\"_blank\" data-cp-link=\"1\" rel=\"noopener noreferrer\">Heft 03: Kommunikation und Zusammenarbeit mit digitalen Medien unterst\u00fctzen<\/a><\/div>   <\/div><\/div> <\/div><div  data-label=\"LehreLaden\" data-id=\"overlappable--6\" data-export-id=\"overlappable-1\" data-category=\"overlappable\" class=\"overlappable-1 content-section content-section-spacing\" data-overlap=\"true\" id=\"lehreladen\" style=\"background-color: rgb(255, 255, 255);\"><div  class=\"gridContainer\"> <div  data-type=\"row\" class=\"row shadow-medium\"><div  data-type=\"column\" class=\"col-xs-12 col-sm-4 flexcol bg-color-white col-padding col-padding-small-xs col-md-12\">  <h5  class=\"\">LEHRE LADEN \u2013 DOWNLOADCENTER F\u00dcR INSPIRIERTE LEHRE<\/h5> <p  class=\"\">Auf der Website \u201eLehre laden\u201c der Ruhr-Universit\u00e4t Bochum gibt es zahlreiche Anregungen rund um das Thema Lehre. Die verschiedenen Materialien k\u00f6nnen online gelesen werden oder als PDF heruntergeladen werden. Weiterf\u00fchrende Literatur erm\u00f6glicht die Vertiefung der vorgestellten Themen.<\/p> <a class=\"link\"  href=\"https:\/\/dbs-lin.ruhr-uni-bochum.de\/lehreladen\" target=\"_blank\" data-cp-link=\"1\">https:\/\/dbs-lin.ruhr-uni-bochum.de\/lehreladen\/<\/a><\/div>   <\/div><\/div> <\/div><div  data-label=\"DigFreischwimmer\" data-id=\"overlappable--7\" data-export-id=\"overlappable-1\" data-category=\"overlappable\" class=\"overlappable-1 content-section content-section-spacing\" data-overlap=\"true\" id=\"digfreischwimmer\" style=\"background-color: rgb(255, 255, 255);\"><div  class=\"gridContainer\"> <div  data-type=\"row\" class=\"row shadow-medium\"><div  data-type=\"column\" class=\"col-xs-12 col-sm-4 flexcol bg-color-white col-padding col-padding-small-xs col-md-12\">  <h5  class=\"\">DIGITALER FREISCHWIMMER \u2013 ONLINE-TOOLS F\u00dcR DIE LEHRE<\/h5> <p  class=\"\">Das Zentrum f\u00fcr Lehre und Lernen der Technischen Universit\u00e4t Hamburg bietet mit dem digitalen Freischwimmer viele Ideen zum sinnvollen Einsatz digitaler Medien in der Lehre. Die einzelnen Ideen sind anhand ihrer didaktischen Funktion geordnet und mit vielen Tipps versehen. Au\u00dferdem gibt es Inhalte zu den didaktischen und rechtlichen Rahmenbedingungen des Medieneinsatzes.<\/p> <a class=\"link\"  href=\"https:\/\/www2.tuhh.de\/zll\/freischwimmer\" target=\"_blank\" data-cp-link=\"1\">https:\/\/www2.tuhh.de\/zll\/freischwimmer\/<\/a><\/div>   <\/div><\/div> <\/div><div  data-label=\"BPS\" data-id=\"overlappable--3\" data-export-id=\"overlappable-1\" data-category=\"overlappable\" class=\"overlappable-1 content-section content-section-spacing\" data-overlap=\"true\" id=\"bps\" style=\"background-color: rgb(255, 255, 255); background-image: none;\"><div  class=\"gridContainer\"> <div  data-type=\"row\" class=\"row shadow-medium flex-grow\"><div  data-type=\"column\" class=\"col-xs-12 col-sm-4 bg-color-white col-padding col-padding-small-xs col-md-12\">  <h5  class=\"\">WEBSITE DER E-LEARNING-LANDESINITIATIVE BILDUNGSPORTAL SACHSEN<\/h5> <p  class=\"\" style=\"text-align: left;\">Auf der Webpr\u00e4senz der s\u00e4chsischen Landesinitiative Bildungsportal Sachsen finden Sie viele weitere Informationen zum Thema E-Learning und zu den verschiedenen beteiligten Institutionen, eine \u00dcbersicht \u00fcber die F\u00f6rderprojekten und eine Auswahl an Publikationen zum Thema E-Learning. Au\u00dferdem finden Sie aktuelle News-Beitr\u00e4ge, einen Veranstaltungskalender und k\u00f6nnen einen Newsletter abonnieren, alles mit dem Schwerpunkt E-Learning in Sachsen.<\/p> <a  class=\"link\" href=\"https:\/\/bildungsportal.sachsen.de\" target=\"_blank\" data-cp-link=\"1\" rel=\"noopener noreferrer\">https:\/\/bildungsportal.sachsen.de<\/a><\/div>   <\/div><\/div> <\/div><div  data-label=\"Overlappable\" data-id=\"overlappable--5\" data-export-id=\"overlappable-1\" data-category=\"overlappable\" class=\"overlappable-1 content-section content-section-spacing\" data-overlap=\"true\" id=\"overlappable-2\" style=\"background-color: rgb(255, 255, 255);\"><div  class=\"gridContainer\"> <div  data-type=\"row\" class=\"row shadow-medium\"><div  data-type=\"column\" class=\"col-xs-12 flexcol bg-color-white col-padding col-padding-small-xs col-md-12 col-sm-12\">  <h5  class=\"\">E-LEARNING AN DER TU DRESDEN<\/h5> <p  class=\"\" style=\"text-align: left;\">Das E-Learning-Team der TU Dresden stellt Informationen zum Thema E-Learning in einem eigenen OPAL-Kurs bereit. Dort finden Sie <br >\nInformationen \u00fcber Schulungsangebote, verschiedenste Online-Selbstlernmodule und Informationen zu E-Learning-Software. Besonders hervorzuheben ist das E-Teaching-Selbstlernmdoul, das sich ausf\u00fchrlich dem Thema E-Learning widmet. F\u00fcr dieses Online-Selbstlernmodul wird ein OPAL-Login ben\u00f6tigt.<\/p> <a  class=\"link\" href=\"https:\/\/bildungsportal.sachsen.de\/opal\/auth\/RepositoryEntry\/516358148?0=undefined\" target=\"_blank\" data-cp-link=\"1\" rel=\"noopener noreferrer\">https:\/\/bildungsportal.sachsen.de\/opal\/auth\/RepositoryEntry\/516358148<\/a><a  class=\"link\" href=\"https:\/\/bildungsportal.sachsen.de\/opal\/auth\/RepositoryEntry\/7568588828\" target=\"_blank\" data-cp-link=\"1\" rel=\"noopener noreferrer\">https:\/\/bildungsportal.sachsen.de\/opal\/auth\/RepositoryEntry\/7568588828\/<\/a><\/div>   <\/div><\/div> <\/div><div  data-label=\"eteaching\" data-id=\"overlappable--2\" data-export-id=\"overlappable-1\" data-category=\"overlappable\" class=\"overlappable-1 content-section content-section-spacing\" data-overlap=\"true\" id=\"eteaching\" style=\"background-color: rgb(255, 255, 255); background-image: none;\"><div  class=\"gridContainer\"> <div  data-type=\"row\" class=\"row shadow-medium flex-grow\"><div  data-type=\"column\" class=\"col-xs-12 col-sm-4 bg-color-white col-padding col-padding-small-xs col-md-12\">  <h5  class=\"\">E-TEACHING.ORG<\/h5> <p  class=\"\" style=\"text-align: left;\">Auf dem Portal e-teaching.org, das vom Leibniz-Institut f\u00fcr Wissensmedien (IWM) in T\u00fcbingen redaktionell betreut wird, k\u00f6nnen Sie sehr umfangreiche Informationen zu den verschiedensten E-Learning-Themen finden. Auf der Seite finden sich sowohl  Einsteiger- als auch Expertenthemen, eine gro\u00dfe Community durch zahlreiche Kooperationen und eine \u00dcbersicht von umfangreichen Projekt- und Mediendatenbanken.<\/p> <a  class=\"link\" href=\"https:\/\/www.e-teaching.org\" target=\"_blank\" data-cp-link=\"1\" rel=\"noopener noreferrer\">https:\/\/www.e-teaching.org\/<\/a><\/div>   <\/div><\/div> <\/div>","protected":false},"excerpt":{"rendered":"<p>Allgemeine Informationen zum Thema E-Learning Auf dieser Seite finden Sie weiterf\u00fchrende allgemeine Informationen zum Thema E-Learning. INFORMATIONSBROSCH\u00dcREN ZUM THEMA \u201eDIGITALES LEHREN UND LERNEN IN DER HOCHSCHULE\u201c Die drei Informationsbrosch\u00fcren vom Medienzentrum der TU Dresden zum Thema \u201eDigitales Lehren und Lernen in der Hochschule\u201c enthalten Good-Practice-Beispiele, Tipps zur Umsetzung sowie Vorstellungen von Methoden und Werkzeugen. Die&hellip; <br \/> <a class=\"read-more\" href=\"https:\/\/bildungsportal.sachsen.de\/impulse\/und-nun\/allgemeines\/\">Read more<\/a><\/p>\n","protected":false},"author":5,"featured_media":0,"parent":216,"menu_order":1,"comment_status":"closed","ping_status":"closed","template":"pro\/page-templates\/full-width-page.php","meta":[],"_links":{"self":[{"href":"https:\/\/bildungsportal.sachsen.de\/impulse\/wp-json\/wp\/v2\/pages\/1113"}],"collection":[{"href":"https:\/\/bildungsportal.sachsen.de\/impulse\/wp-json\/wp\/v2\/pages"}],"about":[{"href":"https:\/\/bildungsportal.sachsen.de\/impulse\/wp-json\/wp\/v2\/types\/page"}],"author":[{"embeddable":true,"href":"https:\/\/bildungsportal.sachsen.de\/impulse\/wp-json\/wp\/v2\/users\/5"}],"replies":[{"embeddable":true,"href":"https:\/\/bildungsportal.sachsen.de\/impulse\/wp-json\/wp\/v2\/comments?post=1113"}],"version-history":[{"count":24,"href":"https:\/\/bildungsportal.sachsen.de\/impulse\/wp-json\/wp\/v2\/pages\/1113\/revisions"}],"predecessor-version":[{"id":6552,"href":"https:\/\/bildungsportal.sachsen.de\/impulse\/wp-json\/wp\/v2\/pages\/1113\/revisions\/6552"}],"up":[{"embeddable":true,"href":"https:\/\/bildungsportal.sachsen.de\/impulse\/wp-json\/wp\/v2\/pages\/216"}],"wp:attachment":[{"href":"https:\/\/bildungsportal.sachsen.de\/impulse\/wp-json\/wp\/v2\/media?parent=1113"}],"curies":[{"name":"wp","href":"https:\/\/api.w.org\/{rel}","templated":true}]}}