{"id":1163,"date":"2018-08-27T11:59:17","date_gmt":"2018-08-27T09:59:17","guid":{"rendered":"https:\/\/bildungsportal.sachsen.de\/microsite\/?page_id=1163"},"modified":"2019-07-18T14:33:27","modified_gmt":"2019-07-18T12:33:27","slug":"recht","status":"publish","type":"page","link":"https:\/\/bildungsportal.sachsen.de\/impulse\/und-nun\/recht\/","title":{"rendered":"Recht"},"content":{"rendered":"<div  data-label=\"Content\" data-id=\"content--1\" data-export-id=\"content-12\" data-category=\"content\" class=\"content-12 content-section content-section-spacing\" id=\"content-1\" style=\"background-color: rgb(255, 255, 255);\"><div  class=\"gridContainer\"> <div  class=\"row text-center\"><div  class=\"section-title-col\" data-type=\"column\"> <h2  class=\"\">Informationen zu Rechtsthemen in der Lehre<\/h2> <p  class=\"lead\">Nicht nur beim Thema E-Learning bestehen Unsicherheiten bez\u00fcglich Datenschutz und Urheberrecht in der Lehre. Auf dieser Seite finden Sie weiterf\u00fchrende Informationen zum Thema Recht.<\/p><\/div> <\/div> <div  class=\"row center-xs middle-xs\"> <div  class=\"col-sm-9\" data-type=\"column\"> <\/div> <\/div><\/div> <\/div><div  data-label=\"Overlappable\" data-id=\"overlappable--6\" data-export-id=\"overlappable-1\" data-category=\"overlappable\" class=\"overlappable-1 content-section content-section-spacing\" data-overlap=\"true\" id=\"overlappable-6\" style=\"background-color: rgb(255, 255, 255);\"><div  class=\"gridContainer\"> <div  data-type=\"row\" class=\"row shadow-medium\"><div  data-type=\"column\" class=\"col-xs-12 flexcol bg-color-white col-padding col-padding-small-xs col-md-12 col-sm-12\">  <h5  class=\"\">LEITFADEN RECHTSFRAGEN DIGITALISIERUNG IN DER LEHRE<\/h5> <p  class=\"\" style=\"text-align: left;\">In diesem umfangreichen Leitfaden von Rechtsanwalt Dr. Till Kreutzer und Tom Hirche finden Sie zahlreiche Informationen zu verschiedenen Rechtsfragen beim Einsatz digitaler Medien in der Lehre. In diesem finden Sie auch Informationen zu <a  data-mce-href=\"oer\" href=\"https:\/\/bildungsportal.sachsen.de\/impulse\/und-nun\/oer\" target=\"_self\" data-mce-selected=\"inline-boundary\" data-cp-link=\"1\" rel=\"noopener noreferrer\">OER<\/a> (Open Educational Resources).<\/p> <a  class=\"link\" href=\"https:\/\/irights.info\/wp-content\/uploads\/2017\/11\/Leitfaden_Rechtsfragen_Digitalisierung_in_der_Lehre_2017-UrhWissG.pdf\" target=\"_blank\" data-cp-link=\"1\" rel=\"noopener noreferrer\">PDF: Leitfaden Rechtsfragen Digitalisierung in der Lehre<\/a><\/div>   <\/div><\/div> <\/div><div  data-label=\"Overlappable\" data-id=\"overlappable--3\" data-export-id=\"overlappable-1\" data-category=\"overlappable\" class=\"overlappable-1 content-section content-section-spacing\" data-overlap=\"true\" id=\"overlappable-3\" style=\"background-color: rgb(255, 255, 255);\"><div  class=\"gridContainer\"> <div  data-type=\"row\" class=\"row shadow-medium flex-grow\"><div  data-type=\"column\" class=\"col-xs-12 col-sm-4 bg-color-white col-padding col-padding-small-xs col-md-12\">  <h5  class=\"\">ONLINE-KURS URHEBERRECHT<\/h5> <p  class=\"\" style=\"text-align: left;\">Dies ist ein sehr empfehlenswerter Online-Kurs zum Thema Urheberrecht an Hochschulen. Die einzelnen Lektionen enthalten Videos und Testfragen. Erstellt wurde der Kurs im Rahmen des Kompetenznetzwerks Hessen unter F\u00f6rderung des Hessischen Ministerium f\u00fcr Wissenschaft und Kunst (HMWK) an der Goethe-Universit\u00e4t Frankfurt<\/p> <a  class=\"link\" href=\"http:\/\/urheberrecht-uni.studiumdigitale.uni-frankfurt.de\" target=\"_blank\" data-cp-link=\"1\" rel=\"noopener noreferrer\">Online-Kurs: Urheberrecht<\/a><\/div>   <\/div><\/div> <\/div><div  data-label=\"Overlappable\" data-id=\"overlappable--7\" data-export-id=\"overlappable-1\" data-category=\"overlappable\" class=\"overlappable-1 content-section content-section-spacing\" data-overlap=\"true\" id=\"overlappable-7\" style=\"background-color: rgb(255, 255, 255);\"><div  class=\"gridContainer\"> <div  data-type=\"row\" class=\"row shadow-medium\"><div  data-type=\"column\" class=\"col-xs-12 flexcol bg-color-white col-padding col-padding-small-xs col-md-12 col-sm-12\">  <h5  class=\"\">OPAL-KURS RECHTLICHE ASPEKTE IM E-LEARNING<\/h5> <p  class=\"\" style=\"text-align: left;\">In dem OPAL-Kurs des Medienzentrum der TU Dresden finden Sie Informationen zum Urheberrecht, Datenschutz und Pr\u00fcfungsrecht. Hinweis: F\u00fcr das Betrachten dieses Kurses wird ein OPAL-Login ben\u00f6tigt.<\/p> <a  class=\"link\" href=\"https:\/\/bildungsportal.sachsen.de\/opal\/auth\/RepositoryEntry\/9965404171\/CourseNode\/87014563765365\" target=\"_blank\" data-cp-link=\"1\" rel=\"noopener noreferrer\">OPAL-Kurs: Rechtliche Aspekte im E-Learning<\/a><\/div>   <\/div><\/div> <\/div><div  data-label=\"Overlappable\" data-id=\"overlappable--4\" data-export-id=\"overlappable-1\" data-category=\"overlappable\" class=\"overlappable-1 content-section content-section-spacing\" data-overlap=\"true\" id=\"overlappable-4\" style=\"background-color: rgb(255, 255, 255);\"><div  class=\"gridContainer\"> <div  data-type=\"row\" class=\"row shadow-medium flex-grow\"><div  data-type=\"column\" class=\"col-xs-12 col-sm-4 bg-color-white col-padding col-padding-small-xs col-md-12\">  <h5  class=\"\">URHEBERRECHT IN DER DIGITALEN WELT<\/h5> <p  class=\"\" style=\"text-align: left;\">Bei irights.info finden Sie allgemeine Informationen zum Thema Urheberrecht in der digitalen Welt.<\/p> <a  class=\"link\" href=\"https:\/\/irights.info\" target=\"_self\" data-cp-link=\"1\" rel=\"noopener noreferrer\">https:\/\/irights.info\/<\/a><\/div>   <\/div><\/div> <\/div>","protected":false},"excerpt":{"rendered":"<p>Informationen zu Rechtsthemen in der Lehre Nicht nur beim Thema E-Learning bestehen Unsicherheiten bez\u00fcglich Datenschutz und Urheberrecht in der Lehre. Auf dieser Seite finden Sie weiterf\u00fchrende Informationen zum Thema Recht. LEITFADEN RECHTSFRAGEN DIGITALISIERUNG IN DER LEHRE In diesem umfangreichen Leitfaden von Rechtsanwalt Dr. Till Kreutzer und Tom Hirche finden Sie zahlreiche Informationen zu verschiedenen Rechtsfragen&hellip; <br \/> <a class=\"read-more\" href=\"https:\/\/bildungsportal.sachsen.de\/impulse\/und-nun\/recht\/\">Read more<\/a><\/p>\n","protected":false},"author":5,"featured_media":0,"parent":216,"menu_order":2,"comment_status":"closed","ping_status":"closed","template":"pro\/page-templates\/full-width-page.php","meta":[],"_links":{"self":[{"href":"https:\/\/bildungsportal.sachsen.de\/impulse\/wp-json\/wp\/v2\/pages\/1163"}],"collection":[{"href":"https:\/\/bildungsportal.sachsen.de\/impulse\/wp-json\/wp\/v2\/pages"}],"about":[{"href":"https:\/\/bildungsportal.sachsen.de\/impulse\/wp-json\/wp\/v2\/types\/page"}],"author":[{"embeddable":true,"href":"https:\/\/bildungsportal.sachsen.de\/impulse\/wp-json\/wp\/v2\/users\/5"}],"replies":[{"embeddable":true,"href":"https:\/\/bildungsportal.sachsen.de\/impulse\/wp-json\/wp\/v2\/comments?post=1163"}],"version-history":[{"count":18,"href":"https:\/\/bildungsportal.sachsen.de\/impulse\/wp-json\/wp\/v2\/pages\/1163\/revisions"}],"predecessor-version":[{"id":3420,"href":"https:\/\/bildungsportal.sachsen.de\/impulse\/wp-json\/wp\/v2\/pages\/1163\/revisions\/3420"}],"up":[{"embeddable":true,"href":"https:\/\/bildungsportal.sachsen.de\/impulse\/wp-json\/wp\/v2\/pages\/216"}],"wp:attachment":[{"href":"https:\/\/bildungsportal.sachsen.de\/impulse\/wp-json\/wp\/v2\/media?parent=1163"}],"curies":[{"name":"wp","href":"https:\/\/api.w.org\/{rel}","templated":true}]}}