{"id":1165,"date":"2018-08-27T11:59:31","date_gmt":"2018-08-27T09:59:31","guid":{"rendered":"https:\/\/bildungsportal.sachsen.de\/microsite\/?page_id=1165"},"modified":"2018-10-09T11:21:13","modified_gmt":"2018-10-09T09:21:13","slug":"oer","status":"publish","type":"page","link":"https:\/\/bildungsportal.sachsen.de\/impulse\/und-nun\/oer\/","title":{"rendered":"OER"},"content":{"rendered":"<div  data-label=\"Content\" data-id=\"content--1\" data-export-id=\"content-12\" data-category=\"content\" class=\"content-12 content-section content-section-spacing\" id=\"content-1\" style=\"background-color: rgb(255, 255, 255);\"><div  class=\"gridContainer\"> <div  class=\"row text-center\"><div  class=\"section-title-col\" data-type=\"column\"> <h2  class=\"\">Open Educational Resoures<\/h2> <p  class=\"lead\">Auf dieser Seite finden Sie Informationen zu Open Educational Resources (OER). Bei OER handelt es sich um Bildungsmaterialien unter einer freien Lizenz. Diese Materialien d\u00fcrfen Sie abh\u00e4ngig von ihrer Lizenz frei nutzen, bearbeiten und weiterverbreiten. Sie k\u00f6nnen aber auch eigene Inhalte durch den Vermerk einer entsprechenden Lizenz als OER bereitstellen. Mehr Informationen zu den Lizenzen und Vor- und Nachteilen von OER finden Sie in den vorgeschlagenen Links.<\/p><\/div> <\/div> <div  class=\"row center-xs middle-xs\"> <div  class=\"col-sm-9\" data-type=\"column\"> <\/div> <\/div><\/div> <\/div><div  data-label=\"Overlappable\" data-id=\"overlappable--2\" data-export-id=\"overlappable-1\" data-category=\"overlappable\" class=\"overlappable-1 content-section content-section-spacing\" data-overlap=\"true\" id=\"overlappable-2\" style=\"background-color: rgb(255, 255, 255);\"><div  class=\"gridContainer\"> <div  data-type=\"row\" class=\"row shadow-medium flex-grow\"><div  data-type=\"column\" class=\"col-xs-12 col-sm-4 bg-color-white col-padding col-padding-small-xs col-md-12\">  <h5  class=\"\">WAS SIND OER?<\/h5> <p  class=\"\" style=\"text-align: left;\">In diesem PDF, das von der deutschen UNESCO-Kommission bereitgestellt wird, finden Sie Antworten auf h\u00e4ufige Fragen zum Thema Open Educational Resources.<\/p> <a  class=\"link\" href=\"https:\/\/www.unesco.de\/sites\/default\/files\/2018-04\/Was_sind_OER__cc.pdf\" target=\"_blank\" data-cp-link=\"1\">PDF: Was sind OER?<\/a><\/div>   <\/div><\/div> <\/div><div  data-label=\"Overlappable\" data-id=\"overlappable--1\" data-export-id=\"overlappable-1\" data-category=\"overlappable\" class=\"overlappable-1 content-section content-section-spacing\" data-overlap=\"true\" id=\"overlappable-1\" style=\"background-color: rgb(255, 255, 255);\"><div  class=\"gridContainer\"> <div  data-type=\"row\" class=\"row shadow-medium flex-grow\"><div  data-type=\"column\" class=\"col-xs-12 col-sm-4 bg-color-white col-padding col-padding-small-xs col-md-12\">  <h5  class=\"\">BUCH: FREIE UNTERRICHTSMATERIALIEN<\/h5> <p  class=\"\" style=\"text-align: left;\">In diesem als OER bereitgestellten Buch \u201eFreie Unterrichtsmaterialien finden, rechtssicher einsetzen, selbst machen und teilen\u201c von J\u00f6ran Muu\u00df-Merholz finden Sie umfangreiche Informationen zur Nutzung von OER.<\/p><a  class=\"link\" href=\"https:\/\/www.was-ist-oer.de\/buch\" target=\"_blank\" data-cp-link=\"1\" style=\"display: block;\">mehr Informationen zum Buch<\/a> <a  class=\"link\" href=\"https:\/\/www.was-ist-oer.de\/wp-content\/uploads\/sites\/17\/2018\/01\/Joeran-Muuss-Merholz-Freie-Unterrichtsmaterialien-Beltz-2018.pdf\" target=\"_blank\" data-cp-link=\"1\">PDF: Freie Unterrichtsmaterialien<\/a><\/div>   <\/div><\/div> <\/div><div  data-label=\"Overlappable\" data-id=\"overlappable--5\" data-export-id=\"overlappable-1\" data-category=\"overlappable\" class=\"overlappable-1 content-section content-section-spacing\" data-overlap=\"true\" id=\"overlappable-5\" style=\"background-color: rgb(255, 255, 255);\"><div  class=\"gridContainer\"> <div  data-type=\"row\" class=\"row shadow-medium\"><div  data-type=\"column\" class=\"col-xs-12 flexcol bg-color-white col-padding col-padding-small-xs col-md-12 col-sm-12\">  <h5  class=\"\">THEMEN-SPEZIAL OER<\/h5>  <p  class=\"\" style=\"text-align: left;\">In diesem Themen-Spezial der Bundeszentrale f\u00fcr politische Bildung finden Sie viele Beitr\u00e4ge zu Open Educational Resources.<\/p><a  class=\"link\" href=\"http:\/\/www.bpb.de\/lernen\/digitale-bildung\/oer-material-fuer-alle\" target=\"_blank\" data-cp-link=\"1\">http:\/\/www.bpb.de\/lernen\/digitale-bildung\/oer-material-fuer-alle<\/a><\/div>   <\/div><\/div> <\/div><div  data-label=\"Overlappable\" data-id=\"overlappable--7\" data-export-id=\"overlappable-1\" data-category=\"overlappable\" class=\"overlappable-1 content-section content-section-spacing\" data-overlap=\"true\" id=\"overlappable-7\" style=\"background-color: rgb(255, 255, 255);\"><div  class=\"gridContainer\"> <div  data-type=\"row\" class=\"row shadow-medium\"><div  data-type=\"column\" class=\"col-xs-12 flexcol bg-color-white col-padding col-padding-small-xs col-md-12 col-sm-12\">  <h5  class=\"\">OER INFO<\/h5> <p  class=\"\" style=\"text-align: left;\">Die offizielle Website zu Open Educational Resources mit Informations- und Vernetzungsm\u00f6glichkeiten.<\/p> <a  class=\"link\" href=\"https:\/\/open-educational-resources.de\" target=\"_blank\" data-cp-link=\"1\">https:\/\/open-educational-resources.de\/<\/a><\/div>   <\/div><\/div> <\/div><div  data-label=\"Overlappable\" data-id=\"overlappable--3\" data-export-id=\"overlappable-1\" data-category=\"overlappable\" class=\"overlappable-1 content-section content-section-spacing\" data-overlap=\"true\" id=\"overlappable-3\" style=\"background-color: rgb(255, 255, 255);\"><div  class=\"gridContainer\"> <div  data-type=\"row\" class=\"row shadow-medium flex-grow\"><div  data-type=\"column\" class=\"col-xs-12 col-sm-4 bg-color-white col-padding col-padding-small-xs col-md-12\">  <h5  class=\"\">DOSSIER OPEN EDUCATIONAL RESOURCES<\/h5> <p  class=\"\" style=\"text-align: left;\">Im Dossier zum Thema Open Educational Resources des Hochschulforum Digitalisierung finden Sie verschiedene Beitr\u00e4ge zum Thema.<\/p> <a  class=\"link\" href=\"https:\/\/hochschulforumdigitalisierung.de\/de\/dossiers\/open-educational-resources-oer\" target=\"_blank\" data-cp-link=\"1\">https:\/\/hochschulforumdigitalisierung.de\/de\/dossiers\/open-educational-resources-oer<\/a><\/div>   <\/div><\/div> <\/div><div  data-label=\"Overlappable\" data-id=\"overlappable--4\" data-export-id=\"overlappable-1\" data-category=\"overlappable\" class=\"overlappable-1 content-section content-section-spacing\" data-overlap=\"true\" id=\"overlappable-4\" style=\"background-color: rgb(255, 255, 255);\"><div  class=\"gridContainer\"> <div  data-type=\"row\" class=\"row shadow-medium\"><div  data-type=\"column\" class=\"col-xs-12 flexcol bg-color-white col-padding col-padding-small-xs col-md-12 col-sm-12\">  <h5  class=\"\">NUTZUNG VON CREATIVE-COMMONS-LIZENZEN<\/h5> <p  class=\"\" style=\"text-align: left;\">Die meisten OER-Materialien werden unter einer Creative-Commons-Lizenz (CC-Lizenz) bereitgestellt. In der Publikation \u201eOpen Content \u2013 Ein Praxisleitfaden zur Nutzung von Creative-Commons-Lizenzen\u201c von Dr. Till Kreutzer finden Sie ausf\u00fchrliche Informationen zu Open Content und den CC-Lizenzen.<\/p> <a  class=\"link\" href=\"https:\/\/irights.info\/wp-content\/uploads\/2015\/10\/Open_Content_-_Ein_Praxisleitfaden_zur_Nutzung_von_Creative-Commons-Lizenzen.pdf\" target=\"_blank\" data-cp-link=\"1\">PDF: Open Content \u2013 Ein Praxisleitfaden zur Nutzung von Creative-Commons-Lizenzen<\/a><\/div>   <\/div><\/div> <\/div><div  data-label=\"Overlappable\" data-id=\"overlappable--6\" data-export-id=\"overlappable-1\" data-category=\"overlappable\" class=\"overlappable-1 content-section content-section-spacing\" data-overlap=\"true\" id=\"overlappable-6\" style=\"background-color: rgb(255, 255, 255);\"><div  class=\"gridContainer\"> <div  data-type=\"row\" class=\"row shadow-medium\"><div  data-type=\"column\" class=\"col-xs-12 flexcol bg-color-white col-padding col-padding-small-xs col-md-12 col-sm-12\">  <h5  class=\"\">CCSEARCH<\/h5> <p  class=\"\" style=\"text-align: left;\">CCSearch hilft Ihnen bei der Suche nach Materialien mit CC-Lizenzen. Geben Sie einfach den gew\u00fcnschten Suchbegriff und die erw\u00fcnschten Lizenzbedingungen an und w\u00e4hlen Sie aus einer Vielzahl an zu durchsuchenden Plattformen aus.<\/p> <a  class=\"link\" href=\"https:\/\/search.creativecommons.org\" target=\"_blank\" data-cp-link=\"1\">https:\/\/search.creativecommons.org\/<\/a><\/div>   <\/div><\/div> <\/div>","protected":false},"excerpt":{"rendered":"<p>Open Educational Resoures Auf dieser Seite finden Sie Informationen zu Open Educational Resources (OER). Bei OER handelt es sich um Bildungsmaterialien unter einer freien Lizenz. Diese Materialien d\u00fcrfen Sie abh\u00e4ngig von ihrer Lizenz frei nutzen, bearbeiten und weiterverbreiten. Sie k\u00f6nnen aber auch eigene Inhalte durch den Vermerk einer entsprechenden Lizenz als OER bereitstellen. Mehr Informationen&hellip; <br \/> <a class=\"read-more\" href=\"https:\/\/bildungsportal.sachsen.de\/impulse\/und-nun\/oer\/\">Read more<\/a><\/p>\n","protected":false},"author":5,"featured_media":0,"parent":216,"menu_order":4,"comment_status":"closed","ping_status":"closed","template":"pro\/page-templates\/full-width-page.php","meta":[],"_links":{"self":[{"href":"https:\/\/bildungsportal.sachsen.de\/impulse\/wp-json\/wp\/v2\/pages\/1165"}],"collection":[{"href":"https:\/\/bildungsportal.sachsen.de\/impulse\/wp-json\/wp\/v2\/pages"}],"about":[{"href":"https:\/\/bildungsportal.sachsen.de\/impulse\/wp-json\/wp\/v2\/types\/page"}],"author":[{"embeddable":true,"href":"https:\/\/bildungsportal.sachsen.de\/impulse\/wp-json\/wp\/v2\/users\/5"}],"replies":[{"embeddable":true,"href":"https:\/\/bildungsportal.sachsen.de\/impulse\/wp-json\/wp\/v2\/comments?post=1165"}],"version-history":[{"count":14,"href":"https:\/\/bildungsportal.sachsen.de\/impulse\/wp-json\/wp\/v2\/pages\/1165\/revisions"}],"predecessor-version":[{"id":1772,"href":"https:\/\/bildungsportal.sachsen.de\/impulse\/wp-json\/wp\/v2\/pages\/1165\/revisions\/1772"}],"up":[{"embeddable":true,"href":"https:\/\/bildungsportal.sachsen.de\/impulse\/wp-json\/wp\/v2\/pages\/216"}],"wp:attachment":[{"href":"https:\/\/bildungsportal.sachsen.de\/impulse\/wp-json\/wp\/v2\/media?parent=1165"}],"curies":[{"name":"wp","href":"https:\/\/api.w.org\/{rel}","templated":true}]}}