{"id":183,"date":"2018-04-17T09:52:41","date_gmt":"2018-04-17T07:52:41","guid":{"rendered":"https:\/\/bildungsportal.sachsen.de\/microsite\/?page_id=183"},"modified":"2020-03-04T09:53:56","modified_gmt":"2020-03-04T08:53:56","slug":"mesmerize-pro","status":"publish","type":"page","link":"https:\/\/bildungsportal.sachsen.de\/impulse\/","title":{"rendered":"Front Page"},"content":{"rendered":"<div  data-label=\"Content\" data-id=\"content--1\" data-export-id=\"content-12\" data-category=\"content\" class=\"content-12 content-section content-section-spacing\" id=\"content-1\" style=\"background-color: rgb(255, 255, 255);\"><div  class=\"gridContainer\"> <div  class=\"row text-center\"><div  class=\"section-title-col\" data-type=\"column\"> <h2  class=\"\">IMPULS#E<\/h2> <p  class=\"lead\">Wie wird die Zukunft von Lehre aussehen? Wird sich Lehre im Zeitalter der digitalen Transformation ver\u00e4ndern m\u00fcssen? Auf dieser Website finden Sie Tipps und Anregungen f\u00fcr eine zukunftsorientierte Lehre. Informieren Sie sich \u00fcber den Einsatz digitaler Medien in der Lehre und holen Sie sich entsprechende Inspirationen und Impulse.<br ><br >\r\nIMPULS#E ist eine Website der s\u00e4chsischen E-Learning-Landesinitiative Bildungsportal Sachsen. Sie ist speziell f\u00fcr Lehrende an s\u00e4chsischen Hochschulen gedacht, steht aber nat\u00fcrlich auch allen anderen Interessierten offen.<\/p><p  class=\"\">&nbsp;<\/p><img  class=\"custom-image\" src=\"https:\/\/bildungsportal.sachsen.de\/impulse\/wp-content\/uploads\/2018\/10\/nueng_00_zukunft.png\" alt=\"Illustration eines Lehrenden auf einem Papierpflieger mit einem Fernglas in der Hand\" title=\"Blick in die Zukunft\"><\/div> <\/div> <div  class=\"row center-xs middle-xs\"> <div  class=\"col-sm-9\" data-type=\"column\"> <\/div> <\/div><\/div> <\/div><div  id=\"overlappable-4\" style=\"background-color: #ffffff;\" data-label=\"Overlappable\" data-id=\"overlappable-4\" data-export-id=\"overlappable-4\" data-category=\"overlappable\" class=\"overlappable-4 content-section content-section-spacing\" data-overlap=\"true\"> <div  class=\"gridContainer\"><div  data-section-title-area=\"true\" class=\"row text-center\">   <div  class=\"section-title-col\" data-type=\"column\">       <h2  class=\"\">Was gibt es hier?<\/h2>          <\/div><\/div> <div  data-type=\"row\" class=\"row spaced-cols text-center\"> <div  class=\"col-xs-12 col-sm-4 col-padding\"> <i  class=\"fa icon shadow-large-black aligncenter fa-lightbulb-o reverse round large color3\"> <\/i> <div  data-type=\"column\" class=\"\"> <h5  class=\"\">INFORMATIONEN<\/h5>  <p  class=\"lead\">Hier finden Sie <a href=\"https:\/\/bildungsportal.sachsen.de\/impulse\/informationen\" target=\"_self\" rel=\"noopener noreferrer\">allgemeine Informationen<\/a> zum Thema E-Learning und dem Einsatz digitaler Medien in der Lehre.<\/p><\/div> <\/div> <div  class=\"col-xs-12 col-sm-4 col-padding\"> <i  class=\"fa icon shadow-large-black aligncenter fa-cogs reverse round large color3\"> <\/i> <div  data-type=\"column\" class=\"\"> <h5  class=\"\">UMSETZUNGS-TIPPS<\/h5>  <p  class=\"lead\">Auf dieser Website finden Sie eine Schritt-f\u00fcr-Schritt-Anleitung und Tipps f\u00fcr Ihre <a href=\"https:\/\/bildungsportal.sachsen.de\/impulse\/umsetzung\/erste-schritte\" target=\"_self\" rel=\"noopener noreferrer\">ersten E-Learning-Schritte<\/a>.<\/p><\/div> <\/div> <div  class=\"col-xs-12 col-sm-4 col-padding\"> <i  class=\"fa icon shadow-large-black aligncenter fa-binoculars reverse round large color3\"> <\/i> <div  data-type=\"column\" class=\"\"> <h5  class=\"\">BEISPIELE<\/h5>  <p  class=\"lead\">Hier k\u00f6nnen Sie sich Ideen f\u00fcr Ihre Lehre holen und <a href=\"https:\/\/bildungsportal.sachsen.de\/impulse\/umsetzung\/projektdatenbank\" target=\"_self\" data-cp-link=\"1\" rel=\"noopener noreferrer\">s\u00e4chsische E-Learning-Projekte<\/a> durchsuchen.<\/p><\/div> <\/div> <\/div> <\/div> <\/div><div  data-label=\"Cta\" data-id=\"cta--2\" data-export-id=\"cta-blue-section\" data-category=\"cta\" class=\"cta-blue-section content-section content-section-spacing-medium bg-color1 white-text\" id=\"cta-3\"><div  class=\"gridContainer\"> <div  class=\"row middle-xs\"><div  class=\"col-sm-8 space-bottom-xs\" data-type=\"column\"><p  class=\"lead\">Sind Sie neugierig geworden und wollen direkt starten? Klicken Sie hier:<\/p>  <\/div> <div  class=\"col-sm-4 end-sm\" data-type=\"column\"> <a class=\"button color3 dark-text\" href=\"https:\/\/bildungsportal.sachsen.de\/impulse\/zukunft\" target=\"_self\" data-cp-link=\"1\" data-icon=\"fa-rocket\" rel=\"noopener noreferrer\">DIE ZUKUNFT VON LEHREN UND LERNEN<\/a><\/div> <\/div><\/div> <\/div><div  data-label=\"Testimonials\" data-id=\"testimonials--2\" data-export-id=\"testimonials-2\" data-category=\"testimonials\" class=\"testimonials-2 content-section content-section-spacing\" id=\"testimonials-2\" style=\"background-color: rgb(255, 255, 255);\"><div  class=\"gridContainer\"> <div  class=\"row\"><div  data-type=\"column\" class=\"section-title-col\"> <h2  class=\"\">E-Learning-Sichtweisen<\/h2> <p  class=\"lead\">Was sagen s\u00e4chsische Lehrende zum Einsatz digitaler Medien in der Lehre?<\/p><\/div> <\/div> <div  class=\"row spaced-cols\" data-type=\"row\">  <div  class=\"col-xs-12 text-center col-md-6 col-sm-6 \"> <div  class=\"card bottom-border-color1 no-shadow\" data-type=\"column\"> <i  class=\"fa icon fa-quote-right large color1\"><\/i> <p  class=\"text-center\" style=\"text-align: center;\">\u201eE-Learning ist vielf\u00e4ltig, von einfach bis komplex. Der Einstieg ist einfacher, als man denkt. Die Erarbeitung komplexer Szenarien hingegen ist aufwendig, aber lohnend! Langfristig kommen wir nicht daran vorbei \u2013 also besser heute als morgen anfangen.\u201c<\/p> <img  src=\"https:\/\/bildungsportal.sachsen.de\/impulse\/wp-content\/uploads\/2018\/09\/cropped-Ulrich_Maschek-1.jpg\" class=\"round icon\" alt=\"Portrait-Foto von PD Dr.-Ing. habil. Ulrich Maschek\" title=\"Ulrich Maschek\"> <h6  class=\"\">PD DR.-ING. HABIL. ULRICH MASCHEK<\/h6> <p  class=\"small italic\">TU Dresden, Fakult\u00e4t Verkehrswissenschaften<\/p><\/div> <\/div><div  class=\"col-xs-12 text-center col-md-6 col-sm-6 \"> <div  class=\"card bottom-border-color1 no-shadow\" data-type=\"column\"> <i  class=\"fa icon fa-quote-right large color1\"><\/i> <p  class=\"text-center\">\u201eIch baue E-Learning-Elemente in meine Lehrveranstaltungen ein, um die Studierenden zum Mitmachen und Mitdenken zu bewegen. Sp\u00e4ter k\u00f6nnen sie diese Elemente auch zum Nacharbeiten nutzen. Denn was man sich selbst erarbeitet hat, bleibt nicht nur im Ged\u00e4chtnis, sondern kann auch angewendet werden.\u201c<\/p> <img  src=\"https:\/\/bildungsportal.sachsen.de\/impulse\/wp-content\/uploads\/2018\/09\/cropped-gabriele_hooffacker-1.jpg\" class=\"round icon\" alt=\"Portrait-Foto von Prof. Dr. Phil Gabriele Hooffacker\" title=\"Gabriele Hooffacker\"> <h6  class=\"\">PROF. DR. PHIL. GABRIELE HOOFFACKER<\/h6> <p  class=\"small italic\">HTWK Leipzig, Fakult\u00e4t Medien<\/p><\/div> <\/div> <div  class=\"col-xs-12 text-center col-md-6 col-sm-6 \"> <div  class=\"card bottom-border-color1 no-shadow\" data-type=\"column\"> <i  class=\"fa icon fa-quote-right large color1\"><\/i> <p  class=\"text-center\">\u201eDie Wirtschaftsinformatik fokussiert auf die digitale Transformation von Wertsch\u00f6pfungsketten. Auch in der Hochschullehre entstehen neue Modelle, die wir im praktischen Lehrbetrieb erproben, beforschen und weiterentwickeln: <span  style=\"font-weight: 600;\">Flipped Classroom<\/span>, <span  style=\"font-weight: 600;\">Virtual Collaborative Learning<\/span> und <span  style=\"font-weight: 600;\">Social Learning Analytics<\/span>.\u201c\r\n<\/p> <img  src=\"https:\/\/bildungsportal.sachsen.de\/impulse\/wp-content\/uploads\/2018\/09\/cropped-eric_schoop-3.jpg\" class=\"round icon\" alt=\"Portrait-Foto von Prof. Dr. Eric Schoop\" title=\"Eric Schoop\"> <h6  class=\"\">PROF. DR. ERIC SCHOOP<\/h6> <p  class=\"small italic\">TU Dresden, Fakult\u00e4t Wirtschaftswissenschaften<\/p><\/div> <\/div><div  class=\"col-xs-12 text-center col-md-6 col-sm-6 \"> <div  class=\"card bottom-border-color1 no-shadow\" data-type=\"column\"> <i  class=\"fa icon fa-quote-right large color1\"><\/i> <p  class=\"text-center\">\u201eDidaktik und Digitalisierung erm\u00f6glichen eine Vielfalt von neuen Lehrmethoden. Hierdurch wird die Lehre abwechslungsreich, spannender und anschaulicher. Das Ausprobieren von neuen Lehr\/Lernszenarien gibt jedem Lehrenden die M\u00f6glichkeit dazu. Ausprobieren macht Spa\u00df und lohnt sich.\u201c\r\n<\/p> <img  src=\"https:\/\/bildungsportal.sachsen.de\/impulse\/wp-content\/uploads\/2018\/09\/cropped-ralph_sonntag-1.jpg\" class=\"round icon\" alt=\"Prof. Dr. rer. pol. Ralph Sonntag\" title=\"Prof. Dr. rer. pol. Ralph Sonntag\"> <h6  class=\"\">PROF. DR. RALPH SONNTAG<\/h6> <p  class=\"small italic\">HTW Dresden, Fakult\u00e4t Wirtschaftswissenschaften<\/p><\/div> <\/div><\/div> <\/div><\/div><div  id=\"cta-1\" data-label=\"Cta\" data-id=\"cta-blue-section\" data-export-id=\"cta-blue-section\" data-category=\"cta\" class=\"cta-blue-section content-section content-section-spacing-medium bg-color1 white-text\"> <div  class=\"gridContainer\"> <div  class=\"row middle-xs\"> <div  class=\"col-sm-8 space-bottom-xs\" data-type=\"column\">  <p  class=\"lead\">Es gibt viele verschiedene Sichtweisen zum Thema E-Learning und dem Einsatz digitaler Medien in der Lehre. Wie ist Ihre? <\/p><\/div> <div  class=\"col-sm-4 end-sm\" data-type=\"column\"> <a class=\"button color3 dark-text\" href=\"https:\/\/bildungsportal.sachsen.de\/impulse\/informationen\/was-ist-e-learning\" target=\"_self\" data-cp-link=\"1\" data-icon=\"\" rel=\"noopener noreferrer\"> WAS IST E-LEARNING? <\/a> <\/div> <\/div> <\/div> <\/div><div  data-label=\"Features\" data-id=\"features--3\" data-export-id=\"features-5\" data-category=\"features\" class=\"features-5 content-section-spacing\" id=\"features-6\" style=\"background-size: cover; background-position: center top; background-image: none; background-color: rgb(255, 255, 255);\"><div  class=\"gridContainer\"> <div  class=\"row text-center\"><div  class=\"section-title-col\" data-type=\"column\"> <h2  class=\"\">Ein guter Start<\/h2> <p  class=\"lead\">Wo fangen Sie an? Starten Sie am besten mit der Einleitung unter \u201e<a href=\"https:\/\/bildungsportal.sachsen.de\/impulse\/zukunft\" target=\"_self\" data-mce-href=\"https:\/\/bildungsportal.sachsen.de\/impulse\/zukunft\" data-cp-link=\"1\" rel=\"noopener noreferrer\">Die Zukunft von Lehren und Lernen<\/a>\u201c.<\/p><\/div> <\/div> <div  class=\"row text-center\" data-type=\"row\"> <div  class=\"col-xs-12 col-padding-small col-md-3 col-sm-3 \"> <div  class=\"number-container\"> <div  class=\"link-line left bg-color1\"><\/div> <p  class=\"number border-color1 color1\"><span >1<\/span><\/p> <div  class=\"link-line right bg-color1\"><\/div><\/div> <div  data-type=\"column\" class=\"\"><h5  class=\"\"><a href=\"https:\/\/bildungsportal.sachsen.de\/impulse\/informationen\" style=\"text-decoration: none;\" target=\"_self\" rel=\"noopener noreferrer\">INFORMATIONEN<\/a><\/h5> <p  class=\"text-center\">Unter dem Men\u00fcpunkt <a href=\"https:\/\/bildungsportal.sachsen.de\/impulse\/informationen\" target=\"_self\" rel=\"noopener noreferrer\">\u201eInformationen\u201d<\/a> k\u00f6nnen Sie sich \u00fcber den Einsatz digitaler Medien in der Lehre informieren.<\/p><\/div> <\/div> <div  class=\"col-xs-12 col-padding-small col-md-3 col-sm-3 \"> <div  class=\"number-container\"> <div  class=\"link-line left bg-color1\"><\/div> <p  class=\"number border-color1 color1\"><span >2<\/span><\/p> <div  class=\"link-line right bg-color1\"><\/div><\/div> <div  data-type=\"column\" class=\"\"><h5  class=\"\"><a href=\"https:\/\/bildungsportal.sachsen.de\/impulse\/umsetzung\" style=\"text-decoration: none;\" target=\"_self\" rel=\"noopener noreferrer\">UMSETZUNG<\/a><\/h5> <p  class=\"text-center\">Wenn Sie sich an einer Umsetzung probieren m\u00f6chten, schauen Sie anschlie\u00dfend im Men\u00fcpunkt <a href=\"https:\/\/bildungsportal.sachsen.de\/impulse\/umsetzung\" target=\"_self\" rel=\"noopener noreferrer\">\u201eUmsetzung\u201d<\/a> vorbei.<\/p><\/div><\/div> <div  class=\"col-xs-12 col-padding-small col-md-3 col-sm-3 \"> <div  class=\"number-container\"> <div  class=\"link-line left bg-color1\"><\/div> <p  class=\"number border-color1 color1\"><span >3<\/span><\/p> <div  class=\"link-line right bg-color1\"><\/div><\/div> <div  data-type=\"column\" class=\"\"><h5  class=\"\"><a href=\"https:\/\/bildungsportal.sachsen.de\/impulse\/und-nun\" style=\"text-decoration: none;\" target=\"_self\" rel=\"noopener noreferrer\">UND NUN?<\/a><\/h5> <p  class=\"text-center\">Unter diesem Men\u00fcpunkt finden Sie weitere M\u00f6glichkeiten sich mit dem Einsatz digitaler Medien in der Lehre auseinanderzusetzen.<\/p><\/div> <\/div><div  class=\"col-xs-12 col-padding-small col-md-3 col-sm-3 \"><div  class=\"number-container\"> <div  class=\"link-line left bg-color1\"><\/div> <p  class=\"number border-color1 color1\"><span >4<\/span><\/p> <div  class=\"link-line right bg-color1\"><\/div><\/div> <div  data-type=\"column\" class=\"\"><h5  class=\"\"><a href=\"https:\/\/bildungsportal.sachsen.de\/impulse\/support\" style=\"text-decoration: none;\" target=\"_self\" rel=\"noopener noreferrer\">SUPPORT<\/a><\/h5> <p  class=\"text-center\">Wenn Sie feststellen, dass Sie Unterst\u00fctzung brauchen, finden Sie unter <a href=\"https:\/\/bildungsportal.sachsen.de\/impulse\/support\" target=\"_self\" rel=\"noopener noreferrer\">Support<\/a> die entsprechenden Ansprechpartner.<\/p><\/div> <\/div><\/div> <\/div><\/div><div  data-label=\"Features\" data-id=\"features--4\" data-export-id=\"features-16-card-bordered-colored\" data-category=\"features\" class=\"features-16-card-bordered-colored content-section content-section-spacing\" id=\"features-7\" style=\"background-color: rgb(3, 79, 111); background-image: none;\"><div  class=\"gridContainer\"> <div  class=\"row text-center\"><div  class=\"section-title-col\" data-type=\"column\"> <h2  class=\"\"><span  style=\"color: rgb(255, 255, 255);\">Empfehlenswerte Beitr\u00e4ge<\/span><\/h2> <p  class=\"lead\"><span  style=\"color: rgb(255, 255, 255);\">Folgende Beitr\u00e4ge besch\u00e4ftigen sich mit den Grundlagen zum E-Learning-Verst\u00e4ndnis und bieten sich als Einstieg an:<\/span><\/p><\/div> <\/div> <div  class=\"row spaced-cols\" data-type=\"row\"> <div  class=\"col-xs-12 col-sm-6 col-md-3 \"> <div  class=\"card no-padding bottom-border-color3\"> <img  class=\"face\" src=\"https:\/\/bildungsportal.sachsen.de\/impulse\/wp-content\/uploads\/2018\/10\/nueng_00_mythen.png\" alt=\"Illustration eines Lehrenden, der mit einem Farbroller das Wort &quot;Mythen&quot; \u00fcbermalt.\" title=\"Mythen entfernen\"> <div  data-type=\"column\" class=\"col-padding-small col-padding-small-xs description-container\"> <h4  class=\"font-500 color1\"><span  style=\"font-weight: 600;\"><a href=\"https:\/\/bildungsportal.sachsen.de\/impulse\/informationen\/e-learning-mythen\" target=\"_self\" data-mce-selected=\"inline-boundary\" data-cp-link=\"1\" rel=\"noopener noreferrer\">E-Learning-Mythen<\/a><\/span><\/h4> <p  class=\"\">\u201cDer Aufwand f\u00fcr Lehrende ist viel zu gro\u00df!\u201d und \u201cEs kommt dann keiner mehr in meine Lehrveranstaltung!\u201d sind weit verbreitete E-Learning-Mythen. Sind Sie diesen auch verfallen? Eine Aufkl\u00e4rung der h\u00e4ufigsten Mythen finden Sie hier.<\/p><\/div> <div  data-type=\"column\" class=\"col-padding-small col-padding-small-xs read-more-container\"><a class=\"read-more\" href=\"https:\/\/bildungsportal.sachsen.de\/impulse\/informationen\/e-learning-mythen\" target=\"_self\" data-cp-link=\"1\" rel=\"noopener noreferrer\">E-Learning-Mythen<\/a><\/div> <\/div><\/div> <div  class=\"col-xs-12 col-sm-6 col-md-3 \"><div  class=\"card no-padding bottom-border-color3\"> <img  class=\"face\" src=\"https:\/\/bildungsportal.sachsen.de\/impulse\/wp-content\/uploads\/2018\/10\/nueng_00_chancen_risiken.png\" alt=\"Illustration eines Lehrenden, der \u00fcber eine Abhang springt.\" title=\"Chancen und Risiken\"> <div  data-type=\"column\" class=\"col-padding-small col-padding-small-xs description-container\"> <h4  class=\"font-500 color1\"><span  style=\"font-weight: 600;\"><a href=\"https:\/\/bildungsportal.sachsen.de\/impulse\/informationen\/chancen-und-risiken-des-einsatzes-digitaler-medien\" target=\"_self\" rel=\"noopener noreferrer\">Chancen und Risiken<\/a><\/span><\/h4> <p  class=\"\">Informieren Sie sich \u00fcber die Chancen und Risiken des Einsatzes digitaler Medien in der Lehre. Erfahren Sie, wie Sie die Chancen des Einsatzes digitaler Medien optimal nutzen k\u00f6nnen und wie Sie die Risiken vermeiden.<\/p><\/div> <div  data-type=\"column\" class=\"col-padding-small col-padding-small-xs read-more-container\"><a class=\"read-more\" href=\"https:\/\/bildungsportal.sachsen.de\/impulse\/informationen\/chancen-und-risiken-des-einsatzes-digitaler-medien\" target=\"_self\" data-cp-link=\"1\" rel=\"noopener noreferrer\">Chancen und Risiken<\/a><\/div> <\/div><\/div> <div  class=\"col-xs-12 col-sm-6 col-md-3 \"><div  class=\"card no-padding bottom-border-color3\"> <img  class=\"face\" src=\"https:\/\/bildungsportal.sachsen.de\/impulse\/wp-content\/uploads\/2018\/10\/nueng_00_elearning.png\" alt=\"Illustration eines Lehrenden, der ein Handy in der Hand h\u00e4lt.\" title=\"Was ist E-Learning?\"> <div  data-type=\"column\" class=\"col-padding-small col-padding-small-xs description-container\"> <h4  class=\"font-500 color1\"><span  style=\"font-weight: 600;\"><a href=\"https:\/\/bildungsportal.sachsen.de\/impulse\/informationen\/was-ist-e-learning\" target=\"_self\" rel=\"noopener noreferrer\">Was ist E-Learning?<\/a><\/span><\/h4> <p  class=\"\">Wie ist Ihre Sichtweise auf E-Learning? Hier k\u00f6nnen Sie sich viele verschiedene Sichtweisen von s\u00e4chsischen E-Learning-Akteuren und Definitionen zum Thema E-Learning und dem Einsatz digitaler Medien in der Lehre ansehen.<\/p><\/div> <div  data-type=\"column\" class=\"col-padding-small col-padding-small-xs read-more-container\"><a class=\"read-more\" href=\"https:\/\/bildungsportal.sachsen.de\/impulse\/informationen\/was-ist-e-learning\" target=\"_self\" data-cp-link=\"1\" rel=\"noopener noreferrer\">Was ist E-Learning?<\/a><\/div> <\/div><\/div> <div  class=\"col-xs-12 col-sm-6 col-md-3\"> <div  class=\"card no-padding bottom-border-color3\"> <img  class=\"face\" src=\"https:\/\/bildungsportal.sachsen.de\/impulse\/wp-content\/uploads\/2018\/10\/nueng_00_formen.png\" alt=\"Illustration eines Lehrenden, der mit einer Lupe vor dem linken Auge aus einem Laptop-Bildschirm herausschaut.\" title=\"Formen von E-Learning\"> <div  data-type=\"column\" class=\"col-padding-small col-padding-small-xs description-container\"> <h4  class=\"font-500 color1\"><span  style=\"font-weight: 600;\"><a href=\"https:\/\/bildungsportal.sachsen.de\/impulse\/informationen\/e-learning-formen\" target=\"_self\" rel=\"noopener noreferrer\">E-Learning-Formen<\/a><\/span><\/h4> <p  class=\"\">Es gibt nicht nur DIE eine E-Learning-Form. Der Einsatz digitaler Medien kann in verschiedenen Varianten angewendet werden. Hier finden Sie eine Einordnung dieser Vielfalt in sechs verschiedene Stufen.<\/p><\/div> <div  data-type=\"column\" class=\"col-padding-small col-padding-small-xs read-more-container\"><a class=\"read-more\" href=\"https:\/\/bildungsportal.sachsen.de\/impulse\/informationen\/e-learning-formen\" target=\"_self\" data-cp-link=\"1\" rel=\"noopener noreferrer\">E-Learning-Formen<\/a><\/div> <\/div><\/div><\/div><\/div> <\/div><div  data-label=\"Content\" data-id=\"content--2\" data-export-id=\"content-12\" data-category=\"content\" class=\"content-12 content-section content-section-spacing\" id=\"content-2\" style=\"background-color: rgb(255, 255, 255); background-image: none;\"><div  class=\"gridContainer\"> <div  class=\"row text-center\"><div  class=\"section-title-col\" data-type=\"column\"> <h2  class=\"\"> <\/h2> <p  class=\"lead\">Bereit f\u00fcr die Zukunft von Lehren und Lernen? Klicken Sie <a data-mce-href=\"hier\" href=\"https:\/\/bildungsportal.sachsen.de\/impulse\/zukunft\" target=\"_self\" data-mce-selected=\"inline-boundary\" data-cp-link=\"1\" rel=\"noopener noreferrer\">hier<\/a>.<\/p><img  class=\"custom-image\" src=\"https:\/\/bildungsportal.sachsen.de\/impulse\/wp-content\/uploads\/2018\/10\/nueng_00_zukunft_transparent.png\" alt=\"Illustration eines Lehrenden auf einem Papierpflieger mit einem Fernglas in der Hand\" title=\"Blick in die Zukunft\"><\/div> <\/div> <div  class=\"row center-xs middle-xs\"> <div  class=\"col-sm-9\" data-type=\"column\"> <\/div> <\/div><\/div> <\/div>","protected":false},"excerpt":{"rendered":"<p>IMPULS#E Wie wird die Zukunft von Lehre aussehen? Wird sich Lehre im Zeitalter der digitalen Transformation ver\u00e4ndern m\u00fcssen? Auf dieser Website finden Sie Tipps und Anregungen f\u00fcr eine zukunftsorientierte Lehre. Informieren Sie sich \u00fcber den Einsatz digitaler Medien in der Lehre und holen Sie sich entsprechende Inspirationen und Impulse. IMPULS#E ist eine Website der s\u00e4chsischen&hellip; <br \/> <a class=\"read-more\" href=\"https:\/\/bildungsportal.sachsen.de\/impulse\/\">Read more<\/a><\/p>\n","protected":false},"author":5,"featured_media":0,"parent":0,"menu_order":2,"comment_status":"closed","ping_status":"closed","template":"page-templates\/homepage.php","meta":[],"_links":{"self":[{"href":"https:\/\/bildungsportal.sachsen.de\/impulse\/wp-json\/wp\/v2\/pages\/183"}],"collection":[{"href":"https:\/\/bildungsportal.sachsen.de\/impulse\/wp-json\/wp\/v2\/pages"}],"about":[{"href":"https:\/\/bildungsportal.sachsen.de\/impulse\/wp-json\/wp\/v2\/types\/page"}],"author":[{"embeddable":true,"href":"https:\/\/bildungsportal.sachsen.de\/impulse\/wp-json\/wp\/v2\/users\/5"}],"replies":[{"embeddable":true,"href":"https:\/\/bildungsportal.sachsen.de\/impulse\/wp-json\/wp\/v2\/comments?post=183"}],"version-history":[{"count":96,"href":"https:\/\/bildungsportal.sachsen.de\/impulse\/wp-json\/wp\/v2\/pages\/183\/revisions"}],"predecessor-version":[{"id":6547,"href":"https:\/\/bildungsportal.sachsen.de\/impulse\/wp-json\/wp\/v2\/pages\/183\/revisions\/6547"}],"wp:attachment":[{"href":"https:\/\/bildungsportal.sachsen.de\/impulse\/wp-json\/wp\/v2\/media?parent=183"}],"curies":[{"name":"wp","href":"https:\/\/api.w.org\/{rel}","templated":true}]}}