{"id":200,"date":"2018-06-01T12:37:42","date_gmt":"2018-06-01T10:37:42","guid":{"rendered":"https:\/\/bildungsportal.sachsen.de\/microsite\/?page_id=200"},"modified":"2018-11-26T13:17:31","modified_gmt":"2018-11-26T12:17:31","slug":"zukunft","status":"publish","type":"page","link":"https:\/\/bildungsportal.sachsen.de\/impulse\/zukunft\/","title":{"rendered":"Die Zukunft von Lehren und Lernen"},"content":{"rendered":"<div  data-label=\"Content\" data-id=\"content-12\" data-export-id=\"content-12\" data-category=\"content\" class=\"content-12 content-section content-section-spacing\" id=\"content-4\" style=\"background-color: rgb(255, 255, 255);\"> <div  class=\"gridContainer\"> <div  class=\"row text-center\"> <div  class=\"section-title-col\" data-type=\"column\"> <h2  class=\"\">Die Zukunft von Lehren und Lernen<\/h2> <p  class=\"lead\" style=\"text-align: left;\">Wie sieht die Zukunft des Lehrens und Lernens aus? Um die Antwort auf die Frage direkt vorweg zu nehmen: Wir wissen es nicht. <strong>Es ist schwer vorauszusehen, welchen Anforderungen sich zuk\u00fcnftige Absolventen in der Arbeitswelt werden stellen m\u00fcssen.<\/strong> Besonders die digitale Transformation der (Arbeits-)Welt wird alle vor ungeahnte Herausforderungen stellen. Wie kann man Studierende auf diese Welt vorbereiten?\r\n<br ><br >Die Zukunft ist zwar ungewiss, aber eines ist sicher: Bildung ist wichtig und wird auch wichtig bleiben! Dabei tritt aber das reine Faktenwissen selbst immer weiter in den Hintergrund. Stattdessen ben\u00f6tigen zuk\u00fcnftige Absolventen Kompetenzen in vielen anderen Bereichen, um f\u00fcr die digitalisierte Arbeitswelt gewappnet zu sein und sich selbst\u00e4ndig an zuk\u00fcnftige Anforderungen anpassen zu k\u00f6nnen.\r\n<br ><br ><strong>Dabei entsteht eine neue Rolle f\u00fcr die Hochschullehre<\/strong>: Um Kompetenzen aufzubauen, m\u00fcssen neue Methoden ihren Weg in die Lehre finden. <strong>Wichtige Schwerpunkte sind dabei zum Beispiel die didaktisch sinnvolle Verwendung digitaler Medien in der Lehre und der Aufbau einer neuen Lehr-\/Lernkultur<\/strong>.\r\n<br ><\/p> <p  class=\"lead\">&nbsp;<\/p><img  class=\"custom-image\" src=\"https:\/\/bildungsportal.sachsen.de\/impulse\/wp-content\/uploads\/2018\/08\/nueng_01_zukunft_rakete.png\" alt=\"Illustration eines Lehrenden, der mit einer Rakete auf dem R\u00fccken Richtung Zukunft abhebt.\" title=\"Richtung Zukunft\"><\/div> <\/div> <div  class=\"row center-xs middle-xs\"> <div  class=\"col-sm-9\" data-type=\"column\">  <\/div> <\/div> <\/div> <\/div><div  data-label=\"Content\" data-id=\"content-1\" data-export-id=\"content-12\" data-category=\"content\" class=\"content-12 content-section content-section-spacing\" id=\"content-1\" style=\"background-color: rgb(248, 248, 248); background-image: none;\"> <div  class=\"gridContainer\"> <div  class=\"row text-center\"> <div  class=\"section-title-col\" data-type=\"column\"> <h2  class=\"\">Digitale Medien in der Lehre<\/h2> <p  class=\"lead\" style=\"text-align: left;\"><strong>Digitale Medien erm\u00f6glichen ein anderes Lernen.<\/strong> Sie unterst\u00fctzen Lernszenarien, die einen Kompetenzaufbau durch selbstgesteuertes, flexibles, problemorientiertes und kooperatives Lernen erm\u00f6glichen.<span id='easy-footnote-1-200' class='easy-footnote-margin-adjust'><\/span><span class='easy-footnote'><a href='https:\/\/bildungsportal.sachsen.de\/impulse\/zukunft\/#easy-footnote-bottom-1-200' title=' Vgl. Kerres, M.: &lt;em&gt;Mediendidaktik \u2013 Konzeption und Entwicklung mediengest\u00fctzter Lernangebote&lt;\/em&gt;, 4. Auflage, M\u00fcnchen 2013, S. 112-114.'><sup>1<\/sup><\/a><\/span>\r\n<br ><br >Zu den ben\u00f6tigten Kompetenzen geh\u00f6ren zum Beispiel die <strong>Selbstlernkompetenz<\/strong>, die es (zuk\u00fcnftigen) Absolventen erm\u00f6glicht bei Bedarf selbst neues Wissen anzueignen. Auch der Umgang mit digitalen Medien, also die so genannte <strong>Medienkompetenz<\/strong>, ist f\u00fcr eine gute Vorbereitung f\u00fcr die zuk\u00fcnftige Arbeitswelt bedeutend.\r\n<br ><br >\r\nDer Einsatz digitaler Medien sorgt f\u00fcr eine notwendige Ver\u00e4nderung der traditionellen Hochschullehre und bringt neue Lehr- und Lernformen, die ohne den Einsatz digitaler Medien nicht m\u00f6glich w\u00e4ren. <strong>Digitale Medien sind jedoch kein Allheilmittel<\/strong>, sondern die sinnvolle didaktische Einbettung dieser Medien in die Lehre ist entscheidend! Sie sollten nicht die Pr\u00e4senzlehre ersetzen, sondern in die bestehende Lehre integriert werden und diese erweitern.\r\n<\/p> <\/div> <\/div> <div  class=\"row center-xs middle-xs\"> <div  class=\"col-sm-9\" data-type=\"column\">  <\/div> <\/div> <\/div> <\/div><div data-label=\"About\" data-id=\"about--1\" data-export-id=\"about-9\" data-category=\"about\" class=\"about-9 content-section content-section-spacing\" id=\"about-1\"  style=\"background-color: rgb(255, 255, 255); background-image: none;\"><div class=\"gridContainer\" > <div class=\"row middle-sm text-center\" ><div class=\"col-sm-5 space-bottom-xs content-column content-center-sm\" data-type=\"column\" ><h2 class=\"\"  style=\"text-align: center;\">Die Zukunft im Blick haben<\/h2>    <p  class=\"lead\" style=\"text-align: left;\">Welche Rolle spielen jetzt Sie, als Lehrender? Durch eine stetige Innovation Ihrer Lehre zeigen Sie Interesse f\u00fcr die Zukunft und eine optimale Vorbereitung Ihrer Studierenden auf die zuk\u00fcnftige (Arbeits-)Welt. <strong>Nutzen Sie die Vorteile digitaler Medien in der Lehre!<\/strong>\r\n<br ><br >\r\nAuf dieser Website finden Sie dazu Tipps und Anregungen.<\/p><\/div> <div class=\"col-sm-7 flexbox flexbox middle-xs center-xs space-bottom-xs\" ><div class=\"overlay-box flexbox middle-xs center-xs overlay-holder \" > <div class=\"overlay-box-offset offset-background shadow-medium bg-color2 hide-xs\" ><\/div> <img class=\"flexbox shadow-large img1\" src=\"https:\/\/bildungsportal.sachsen.de\/impulse\/wp-content\/uploads\/2018\/08\/cropped-nueng_01_zukunft_berg.png\" data-size=\"600x400\"  alt=\"Illustration eines Lehrenden, der mit einem Fernglas in der Hand auf einem Berg steht und in die Zukunft blickt.\" title=\"Wie sieht die Zukunft aus?\"><\/div> <\/div><\/div> <\/div><\/div>","protected":false},"excerpt":{"rendered":"<p>Die Zukunft von Lehren und Lernen Wie sieht die Zukunft des Lehrens und Lernens aus? Um die Antwort auf die Frage direkt vorweg zu nehmen: Wir wissen es nicht. Es ist schwer vorauszusehen, welchen Anforderungen sich zuk\u00fcnftige Absolventen in der Arbeitswelt werden stellen m\u00fcssen. Besonders die digitale Transformation der (Arbeits-)Welt wird alle vor ungeahnte Herausforderungen&hellip; <br \/> <a class=\"read-more\" href=\"https:\/\/bildungsportal.sachsen.de\/impulse\/zukunft\/\">Read more<\/a><\/p>\n","protected":false},"author":5,"featured_media":0,"parent":0,"menu_order":2,"comment_status":"closed","ping_status":"closed","template":"pro\/page-templates\/full-width-page.php","meta":[],"_links":{"self":[{"href":"https:\/\/bildungsportal.sachsen.de\/impulse\/wp-json\/wp\/v2\/pages\/200"}],"collection":[{"href":"https:\/\/bildungsportal.sachsen.de\/impulse\/wp-json\/wp\/v2\/pages"}],"about":[{"href":"https:\/\/bildungsportal.sachsen.de\/impulse\/wp-json\/wp\/v2\/types\/page"}],"author":[{"embeddable":true,"href":"https:\/\/bildungsportal.sachsen.de\/impulse\/wp-json\/wp\/v2\/users\/5"}],"replies":[{"embeddable":true,"href":"https:\/\/bildungsportal.sachsen.de\/impulse\/wp-json\/wp\/v2\/comments?post=200"}],"version-history":[{"count":33,"href":"https:\/\/bildungsportal.sachsen.de\/impulse\/wp-json\/wp\/v2\/pages\/200\/revisions"}],"predecessor-version":[{"id":2474,"href":"https:\/\/bildungsportal.sachsen.de\/impulse\/wp-json\/wp\/v2\/pages\/200\/revisions\/2474"}],"wp:attachment":[{"href":"https:\/\/bildungsportal.sachsen.de\/impulse\/wp-json\/wp\/v2\/media?parent=200"}],"curies":[{"name":"wp","href":"https:\/\/api.w.org\/{rel}","templated":true}]}}