{"id":214,"date":"2018-06-01T12:54:23","date_gmt":"2018-06-01T10:54:23","guid":{"rendered":"https:\/\/bildungsportal.sachsen.de\/microsite\/?page_id=214"},"modified":"2018-10-30T08:57:22","modified_gmt":"2018-10-30T07:57:22","slug":"umsetzung","status":"publish","type":"page","link":"https:\/\/bildungsportal.sachsen.de\/impulse\/umsetzung\/","title":{"rendered":"Umsetzung"},"content":{"rendered":"<div  data-label=\"Overlappable\" data-id=\"overlappable-2\" data-export-id=\"overlappable-2\" data-category=\"overlappable\" class=\"overlappable-2 content-section content-section-spacing\" data-overlap=\"true\" id=\"overlappable-2\" style=\"background-color: rgb(255, 255, 255); padding-top: 80px;\"> <div  class=\"gridContainer\"><div  data-section-title-area=\"true\" class=\"row text-center\">   <div  class=\"section-title-col\" data-type=\"column\">       <h2  class=\"\">Umsetzung<\/h2>       <p  class=\"lead\">In diesem Abschnitt finden Sie Ideen und Tipps f\u00fcr Ihren Einsatz digitaler Medien in der Lehre.<\/p>   <\/div><\/div> <div  class=\"row middle-sm shadow-medium bg-color-white\"> <div  class=\"col-xs-12 col-sm-4 top-sm col-padding col-padding-xs\" data-type=\"column\">  <p  class=\"\">Hier finden Sie Ideen und Tipps zum Einsatz digitaler Medien in der Lehre.\r\n<br >\r\n<br >Bevor Sie mit dem Einsatz digitaler Medien in der Lehre starten, k\u00f6nnen Sie sich mit Qualit\u00e4tskriterien von E-Learning und guter Lehre allgemein besch\u00e4ftigen.\r\n<br ><br >Bei Ihren ersten Schritten im Bereich E-Learning hilft Ihnen unsere Schritt-f\u00fcr-Schritt-Anleitung zur Lehrveranstaltungsplanung. Anschlie\u00dfend sollten Sie sich auch die Dos &amp; Don\u2019ts zum Medieneinsatz in der Lehre anschauen. <br ><br >In einer Auswahl von verschiedenen E-Learning-Szenarien k\u00f6nnen Sie Inspirationen f\u00fcr Ihre eigene Lehre finden. Wenn Sie noch weitere Ideen suchen, k\u00f6nnen Sie in einer Projektdatenbank mit mehr als 150 Eintr\u00e4gen nach s\u00e4chsischen E-Learning-Projekten in Ihrem Fachgebiet oder Ihrer Hochschule suchen.<br >\r\n<\/p>  <\/div> <div  class=\"col-xs-12 col-sm-8\"> <div  data-type=\"row\" class=\"row\"> <div  class=\"col-xs-12 col-sm-6 col-padding col-padding-small-xs\"> <i  class=\"fa icon fa-graduation-cap bordered round color1\"> <\/i> <h5  class=\"\">GUTE LEHRE \u2013 GUTES E-LEARNING<\/h5> <p  class=\"\">Erfahren Sie, was gute Lehre und einen sinnvollen Einsatz digitaler Medien in der Lehre ausmacht.<\/p> <a  class=\"link\" href=\"gutes-e-learning\" target=\"_self\" data-cp-link=\"1\">Mehr erfahren<\/a><\/div> <div  class=\"col-xs-12 col-sm-6 col-padding col-padding-small-xs\"> <i  class=\"fa icon fa-paper-plane-o bordered round color1\"> <\/i> <h5  class=\"\">ERSTE SCHRITTE<\/h5> <p  class=\"\">Sie wollen erste Schritte im Bereich E-Learning wagen? Hier finden Sie eine Schritt-f\u00fcr-Schritt-Anleitung f\u00fcr Ihre Lehrveranstaltungsplanung.<\/p><a  class=\"link\" href=\"erste-schritte\" target=\"_self\" data-cp-link=\"1\">Mehr erfahren<\/a><\/div><div  class=\"col-xs-12 col-sm-6 col-padding col-padding-small-xs\"> <i  class=\"fa icon fa-star bordered round color1\"> <\/i> <h5  class=\"\">IDEEN-GENERATOR<\/h5> <p  class=\"\">Finden Sie in einer Auswahl von verschiedenen E-Learning-Szenarien Inspirationen f\u00fcr Ihre eigene Lehre.<\/p> <a  class=\"link\" href=\"ideen-generator\" target=\"_self\" data-cp-link=\"1\">Mehr erfahren<\/a><\/div>   <div  class=\"col-xs-12 col-sm-6 col-padding col-padding-small-xs\"> <i  class=\"fa icon fa-database bordered round color1\"> <\/i> <h5  class=\"\">PROJEKTDATENBANK<\/h5> <p  class=\"\">Durchsuchen Sie eine Projektdatenbank mit mehr als 150 Eintr\u00e4gen nach beispielhaften E-Learning-Projekten. <\/p> <a  class=\"link\" href=\"projektdatenbank\" target=\"_self\" data-cp-link=\"1\">Mehr erfahren<\/a><\/div><div  class=\"col-xs-12 col-sm-6 col-padding col-padding-small-xs\"> <i  class=\"fa icon fa-check bordered round color1\"> <\/i> <h5  class=\"\">DOS &amp; DON\u2019TS<\/h5> <p  class=\"\">Erfahren Sie, was Sie beim Einsatz von digitalen Medien in der Lehre beachten sollten.<\/p> <a  class=\"link\" href=\"dos-donts\" target=\"_self\" data-cp-link=\"1\">Mehr erfahren<\/a><\/div><\/div> <\/div> <\/div> <\/div> <\/div>","protected":false},"excerpt":{"rendered":"<p>Umsetzung In diesem Abschnitt finden Sie Ideen und Tipps f\u00fcr Ihren Einsatz digitaler Medien in der Lehre. Hier finden Sie Ideen und Tipps zum Einsatz digitaler Medien in der Lehre. Bevor Sie mit dem Einsatz digitaler Medien in der Lehre starten, k\u00f6nnen Sie sich mit Qualit\u00e4tskriterien von E-Learning und guter Lehre allgemein besch\u00e4ftigen. Bei Ihren&hellip; <br \/> <a class=\"read-more\" href=\"https:\/\/bildungsportal.sachsen.de\/impulse\/umsetzung\/\">Read more<\/a><\/p>\n","protected":false},"author":5,"featured_media":0,"parent":0,"menu_order":2,"comment_status":"closed","ping_status":"closed","template":"pro\/page-templates\/full-width-page.php","meta":[],"_links":{"self":[{"href":"https:\/\/bildungsportal.sachsen.de\/impulse\/wp-json\/wp\/v2\/pages\/214"}],"collection":[{"href":"https:\/\/bildungsportal.sachsen.de\/impulse\/wp-json\/wp\/v2\/pages"}],"about":[{"href":"https:\/\/bildungsportal.sachsen.de\/impulse\/wp-json\/wp\/v2\/types\/page"}],"author":[{"embeddable":true,"href":"https:\/\/bildungsportal.sachsen.de\/impulse\/wp-json\/wp\/v2\/users\/5"}],"replies":[{"embeddable":true,"href":"https:\/\/bildungsportal.sachsen.de\/impulse\/wp-json\/wp\/v2\/comments?post=214"}],"version-history":[{"count":19,"href":"https:\/\/bildungsportal.sachsen.de\/impulse\/wp-json\/wp\/v2\/pages\/214\/revisions"}],"predecessor-version":[{"id":2163,"href":"https:\/\/bildungsportal.sachsen.de\/impulse\/wp-json\/wp\/v2\/pages\/214\/revisions\/2163"}],"wp:attachment":[{"href":"https:\/\/bildungsportal.sachsen.de\/impulse\/wp-json\/wp\/v2\/media?parent=214"}],"curies":[{"name":"wp","href":"https:\/\/api.w.org\/{rel}","templated":true}]}}