{"id":216,"date":"2018-06-01T12:54:23","date_gmt":"2018-06-01T10:54:23","guid":{"rendered":"https:\/\/bildungsportal.sachsen.de\/microsite\/?page_id=216"},"modified":"2018-10-29T10:56:21","modified_gmt":"2018-10-29T09:56:21","slug":"und-nun","status":"publish","type":"page","link":"https:\/\/bildungsportal.sachsen.de\/impulse\/und-nun\/","title":{"rendered":"Und nun?"},"content":{"rendered":"<div  data-label=\"Content\" data-id=\"content--1\" data-export-id=\"content-12\" data-category=\"content\" class=\"content-12 content-section content-section-spacing\" id=\"content-1\" style=\"background-color: rgb(255, 255, 255); background-image: none;\"><div  class=\"gridContainer\"> <div  class=\"row text-center\"><div  class=\"section-title-col\" data-type=\"column\"> <h2  class=\"\">Und nun?<\/h2> <p  class=\"lead\">In diesem Abschnitt finden Sie weiterf\u00fchrende Informationen zum Thema E-Learning. Nach einer kurzen Einf\u00fchrung verweisen die jeweiligen Themengebiete auf empfehlenswerte Internetseiten.<\/p><\/div> <\/div> <div  class=\"row center-xs middle-xs\"> <div  class=\"col-sm-9\" data-type=\"column\"> <\/div> <\/div><\/div> <\/div><div  data-label=\"Overlappable\" data-id=\"overlappable--1\" data-export-id=\"overlappable-2\" data-category=\"overlappable\" class=\"overlappable-2 content-section content-section-spacing\" data-overlap=\"true\" id=\"overlappable-1\" style=\"background-color: rgb(255, 255, 255);\"><div  class=\"gridContainer\"> <div  class=\"row middle-sm shadow-medium bg-color-white\"><div  class=\"col-xs-12 col-sm-4 top-sm col-padding col-padding-xs\" data-type=\"column\">  <p  class=\"\">Hier finden Sie eine \u00dcbersicht von ausgew\u00e4hlten weiterf\u00fchrenden Informationen.\r\n<br >\r\n<br >Die Verlinkungs\u00fcbersicht ist sortiert nach einzelnen Themenbereichen (Allgemeines, Recht, Software und OER).\r\n<br ><br >\r\nAu\u00dferdem finden Sie hier auch weitere Informationen zur s\u00e4chsischen Landesinitiative Bildungsportal Sachsen sowie Newsbeitr\u00e4ge, Veranstaltungen und Weiterbildungen zum Thema E-Learning.<\/p> <\/div> <div  class=\"col-xs-12 col-sm-8\"><div  data-type=\"row\" class=\"row\"> <div  class=\"col-xs-12 col-padding col-padding-small-xs col-md-6 col-sm-6\"><i  class=\"fa icon fa-paperclip bordered round color1\"><\/i> <h5  class=\"\">ALLGEMEINE LINKS<\/h5> <p  class=\"\">Allgemeine Informationen und Materialien zum Thema E-Learning.<\/p><a  class=\"link\" href=\"allgemeines\" target=\"_self\" data-cp-link=\"1\">Mehr erfahren<\/a><\/div> <div  class=\"col-xs-12 col-padding col-padding-small-xs col-md-6 col-sm-6\"><i  class=\"fa icon fa-legal bordered round color1\"><\/i> <h5  class=\"\">THEMA RECHT<\/h5> <p  class=\"\">Informationen zum Thema Datenschutz und Urheberrecht in der Lehre.<\/p><a  class=\"link\" href=\"recht\" target=\"_self\" data-cp-link=\"1\">Mehr erfahren<\/a><\/div> <div  class=\"col-xs-12 col-padding col-padding-small-xs col-md-6 col-sm-6\"><i  class=\"fa icon fa-laptop bordered round color1\"><\/i> <h5  class=\"\">THEMA SOFTWARE<\/h5> <p  class=\"\">Informationen und Materialien zu ausgew\u00e4hlter E-Learning-Software.<\/p><a  class=\"link\" href=\"software\" target=\"_self\" data-cp-link=\"1\">Mehr erfahren<\/a><\/div> <div  class=\"col-xs-12 col-padding col-padding-small-xs col-md-6 col-sm-6\"> <i  class=\"fa icon fa-folder-open-o bordered round color1\"><\/i> <h5  class=\"\">THEMA OER<\/h5> <p  class=\"\">Informationen und Websites zu freien Bildungsmaterialien.<\/p><a  class=\"link\" href=\"oer\" target=\"_self\" data-cp-link=\"1\">Mehr erfahren<\/a><\/div> <div  class=\"col-xs-12 col-padding col-padding-small-xs col-md-6 col-sm-6\"><i  class=\"fa icon fa-thumb-tack bordered round color1\"><\/i> <h5  class=\"\">BILDUNGSPORTAL SACHSEN<\/h5> <p  class=\"\">Informationen zur s\u00e4chsischen Landesinitiative Bildungsportal Sachsen.<\/p><a  class=\"link\" href=\"bildungsportal-sachsen\" target=\"_self\" data-cp-link=\"1\">Mehr erfahren<\/a><\/div><div  class=\"col-xs-12 col-padding col-padding-small-xs col-md-6 col-sm-6\"><i  class=\"fa icon fa-calendar bordered round color1\"><\/i> <h5  class=\"\">VERANSTALTUNGEN<\/h5> <p  class=\"\">Veranstaltungskalender und Hinweise zu Weiterbildungen.<\/p><a  class=\"link\" href=\"veranstaltungen\" target=\"_self\" data-cp-link=\"1\">Mehr erfahren<\/a><\/div><\/div><\/div> <\/div><\/div> <\/div>","protected":false},"excerpt":{"rendered":"<p>Und nun? In diesem Abschnitt finden Sie weiterf\u00fchrende Informationen zum Thema E-Learning. Nach einer kurzen Einf\u00fchrung verweisen die jeweiligen Themengebiete auf empfehlenswerte Internetseiten. Hier finden Sie eine \u00dcbersicht von ausgew\u00e4hlten weiterf\u00fchrenden Informationen. Die Verlinkungs\u00fcbersicht ist sortiert nach einzelnen Themenbereichen (Allgemeines, Recht, Software und OER). Au\u00dferdem finden Sie hier auch weitere Informationen zur s\u00e4chsischen Landesinitiative Bildungsportal&hellip; <br \/> <a class=\"read-more\" href=\"https:\/\/bildungsportal.sachsen.de\/impulse\/und-nun\/\">Read more<\/a><\/p>\n","protected":false},"author":5,"featured_media":0,"parent":0,"menu_order":0,"comment_status":"closed","ping_status":"closed","template":"pro\/page-templates\/full-width-page.php","meta":[],"_links":{"self":[{"href":"https:\/\/bildungsportal.sachsen.de\/impulse\/wp-json\/wp\/v2\/pages\/216"}],"collection":[{"href":"https:\/\/bildungsportal.sachsen.de\/impulse\/wp-json\/wp\/v2\/pages"}],"about":[{"href":"https:\/\/bildungsportal.sachsen.de\/impulse\/wp-json\/wp\/v2\/types\/page"}],"author":[{"embeddable":true,"href":"https:\/\/bildungsportal.sachsen.de\/impulse\/wp-json\/wp\/v2\/users\/5"}],"replies":[{"embeddable":true,"href":"https:\/\/bildungsportal.sachsen.de\/impulse\/wp-json\/wp\/v2\/comments?post=216"}],"version-history":[{"count":17,"href":"https:\/\/bildungsportal.sachsen.de\/impulse\/wp-json\/wp\/v2\/pages\/216\/revisions"}],"predecessor-version":[{"id":2139,"href":"https:\/\/bildungsportal.sachsen.de\/impulse\/wp-json\/wp\/v2\/pages\/216\/revisions\/2139"}],"wp:attachment":[{"href":"https:\/\/bildungsportal.sachsen.de\/impulse\/wp-json\/wp\/v2\/media?parent=216"}],"curies":[{"name":"wp","href":"https:\/\/api.w.org\/{rel}","templated":true}]}}