{"id":218,"date":"2018-06-01T12:54:24","date_gmt":"2018-06-01T10:54:24","guid":{"rendered":"https:\/\/bildungsportal.sachsen.de\/microsite\/?page_id=218"},"modified":"2018-11-26T13:29:52","modified_gmt":"2018-11-26T12:29:52","slug":"gutes-e-learning","status":"publish","type":"page","link":"https:\/\/bildungsportal.sachsen.de\/impulse\/umsetzung\/gutes-e-learning\/","title":{"rendered":"Gute Lehre \u2013 Gutes E-Learning"},"content":{"rendered":"<div  data-label=\"Content\" data-id=\"content-12\" data-export-id=\"content-12\" data-category=\"content\" class=\"content-12 content-section content-section-spacing\" id=\"content-4\" style=\"background-color: rgb(255, 255, 255); background-image: none;\"> <div  class=\"gridContainer\"> <div  class=\"row text-center\"> <div  class=\"section-title-col\" data-type=\"column\"> <h2  class=\"\">Gute Lehre \u2013 Gutes E-Learning<\/h2>  <\/div> <\/div> <div  class=\"row center-xs middle-xs\"> <div  class=\"col-sm-9\" data-type=\"column\">  <\/div> <\/div> <\/div> <\/div><div  data-label=\"Overlappable\" data-id=\"overlappable-2\" data-export-id=\"overlappable-1\" data-category=\"overlappable\" class=\"overlappable-1 content-section content-section-spacing content-relative\" data-overlap=\"true\" id=\"overlappable-2\" style=\"background-color: rgb(255, 255, 255); background-image: none;\"> <div  class=\"gridContainer\"><div  data-section-title-area=\"true\" class=\"row text-center\">   <div  class=\"section-title-col\" data-type=\"column\">                 <\/div><\/div> <div  data-type=\"row\" class=\"row shadow-medium flex-grow\"> <div  data-type=\"column\" class=\"col-xs-12 col-sm-4 bg-color-white col-padding col-padding-small-xs\"> <i  class=\"fa icon fa-quote-left color1\"> <\/i>    <p  class=\"lead\" style=\"text-align: left;\"><span  style=\"font-style: italic;\">\u201eMit\r\n neuen Medientechniken wird immer wieder die Erwartung auf ein \u201ebesseres\r\n Lernen\u201c und eine \u201eErneuerung des Bildungswesens\u201c verkn\u00fcpft. Radio oder \r\nFernsehen, die CD oder das Internet, immer wieder wird vermutet, dass \r\nmit dem Medium an sich ein substantieller Gewinn f\u00fcr das Lernen \r\nverbunden sein k\u00f6nnte. Und immer wieder wird deutlich, dass es nicht das\r\n Medium an sich ist, dass diese Ver\u00e4nderungen bewirken k\u00f6nnte, sondern \r\nnur bestimmte didaktische Konzepte und Nutzungsszenarien.\u201c<\/span><\/p><p  class=\"small\"><span style=\"color: rgb(150, 150, 150);\" >Klimsa, P. (Hg.): <em >Online-Lernen \u2013 Handbuch f\u00fcr Wissenschaft und Praxis<\/em>, 2. Auflage, M\u00fcnchen 2011, S. 264.<\/span><\/p><\/div>   <\/div> <\/div> <\/div>\r\n\r\n<div  data-label=\"Content\" data-id=\"content-1\" data-export-id=\"content-12\" data-category=\"content\" class=\"content-12 content-section content-section-spacing\" id=\"content-1\" style=\"background-color: rgb(255, 255, 255);\"> <div  class=\"\"><div  data-section-title-area=\"true\" class=\"row text-center\">   <div  class=\"section-title-col\" data-type=\"column\">              <p  class=\"lead\" style=\"text-align: left;\">Sie haben sich sicher schon gefragt, woran gutes E-Learning erkannt werden kann. Diese Frage ist aber gar nicht so einfach zu beantworten, denn nicht der Medieneinsatz selbst ist entscheidend und auch nicht eine bestimmte Technik, ein bestimmtes Medium oder die Menge der verwendeten Medien. Beim Einsatz digitaler Medien in der Lehre sind die gezielte Planung und der didaktisch sinnvolle Einsatz wichtig, also die Wahl der richtigen Methode(n).<span id='easy-footnote-1-218' class='easy-footnote-margin-adjust'><\/span><span class='easy-footnote'><a href='https:\/\/bildungsportal.sachsen.de\/impulse\/umsetzung\/gutes-e-learning\/#easy-footnote-bottom-1-218' title='Vgl. Klimsa, P. (Hg.): &lt;em&gt;Online-Lernen \u2013 Handbuch f\u00fcr Wissenschaft und Praxis&lt;\/em&gt;, 2. Auflage, M\u00fcnchen 2011, S. 264-266.'><sup>1<\/sup><\/a><\/span><\/p>   <\/div><\/div>  \r\n\r\n<div  class=\"row center-xs middle-xs\"> <div  class=\"col-sm-9\" data-type=\"column\">  <\/div> <\/div> <\/div> <\/div><div  data-label=\"Overlappable\" data-id=\"overlappable-3\" data-export-id=\"overlappable-1\" data-category=\"overlappable\" class=\"overlappable-1 content-section content-section-spacing\" data-overlap=\"true\" id=\"overlappable-3\" style=\"background-color: rgb(255, 255, 255);\"> <div  class=\"gridContainer\"> <div  data-type=\"row\" class=\"row shadow-medium flex-grow\"> <div  data-type=\"column\" class=\"col-xs-12 col-sm-4 bg-color-white col-padding col-padding-small-xs\"> <i  class=\"fa icon fa-quote-left color1\"> <\/i>    <p  class=\"lead\" style=\"text-align: left;\">Beim Einsatz digitaler Medien in der Lehre, geht es vor allem um die Frage, \u201ewelche Bildungsprobleme oder Bildungsanliegen durch den Einsatz von Medien grunds\u00e4tzlich gel\u00f6st werden k\u00f6nnen.\u201c<\/p><p  class=\"small\"><span style=\"color: rgb(150, 150, 150);\" >Kerres, M.: <em>Mediendidaktik \u2013 Konzeption und Entwicklung mediengest\u00fctzter Lernangebote<\/em>, 4. Auflage, M\u00fcnchen 2013, S. 77-78.<\/span><\/p><\/div>   <\/div> <\/div> <\/div>\r\n\r\n<div  data-label=\"Content\" data-id=\"content-2\" data-export-id=\"content-12\" data-category=\"content\" class=\"content-12 content-section content-section-spacing\" id=\"content-2\" style=\"background-color: rgb(255, 255, 255);\"> <div  class=\"\"><div  data-section-title-area=\"true\" class=\"row text-center\">   <div  class=\"section-title-col\" data-type=\"column\">              <p  class=\"lead\" style=\"text-align: left;\">Leider gibt es kein einheitliches Rezept f\u00fcr gutes E-Learning.<span id='easy-footnote-2-218' class='easy-footnote-margin-adjust'><\/span><span class='easy-footnote'><a href='https:\/\/bildungsportal.sachsen.de\/impulse\/umsetzung\/gutes-e-learning\/#easy-footnote-bottom-2-218' title='Vgl. Schulmeister, R.: &lt;em&gt;Kriterien didaktischer Qualit\u00e4t im E-Learning zur Sicherung der Akzeptanz und Nachhaltigkeit&lt;\/em&gt;, In: Euler, D.; Seufert, S.: &lt;em&gt;E-Learning in Hochschulen und Bildungszentren&lt;\/em&gt;, M\u00fcnchen 2009, S. 477-482.'><sup>2<\/sup><\/a><\/span> Wenn aber keine eindeutigen Aussagen getroffen werden k\u00f6nnen, wie kann dann gutes E-Learning erkannt werden? Welche Merkmale treffen auf gutes E-Learning zu? Auf jeden Fall die gleichen, wie f\u00fcr gute Lehre. Lehre ist ein gro\u00dfer Bestandteil, wenn nicht sogar der gr\u00f6\u00dfte Bestandteil von E-Learning. Um also zu bestimmen, wie gute Lehre unter dem Einsatz digitaler Medien aussieht, sollte zuerst betrachtet werden, was gute Lehre (auch ohne den Einsatz digitaler Medien) ausmacht.<\/p>   <\/div>\r\n\r\n\r\n<\/div>  <div  class=\"row center-xs middle-xs\"> <div  class=\"col-sm-9\" data-type=\"column\">  <\/div> <\/div> <\/div> <\/div><div  data-label=\"Content\" data-id=\"content-3\" data-export-id=\"content-12\" data-category=\"content\" class=\"content-12 content-section content-section-spacing\" id=\"content-3\" style=\"background-color: rgb(3, 79, 111); background-image: none;\"> <div  class=\"\"> <div  class=\"row text-center\"> <div  class=\"section-title-col\" data-type=\"column\"> <h2  class=\"\"><span  style=\"color: rgb(255, 255, 255);\">Was ist gute Lehre?<\/span><\/h2> <p  class=\"lead\" style=\"text-align: left;\"><\/p> <p  class=\"lead\" style=\"text-align: left;\"><span  style=\"color: rgb(255, 255, 255);\">Auf den ersten Blick scheint es nicht leicht die Qualit\u00e4t von Lehre zu bestimmen, da jede Lehre anders ist. Es existieren aber bereits wirksame Kriterien f\u00fcr gute Lehre.\r\n<\/span><br ><br ><span  style=\"color: rgb(255, 255, 255);\">\r\nIm Bereich der Lehrplanung haben sich zum Beispiel eine <strong>gute Vorbereitung<\/strong> und die <strong>Planung nach Constructive Alignment<\/strong> bew\u00e4hrt.<span id='easy-footnote-3-218' class='easy-footnote-margin-adjust'><\/span><span class='easy-footnote'><a href='https:\/\/bildungsportal.sachsen.de\/impulse\/umsetzung\/gutes-e-learning\/#easy-footnote-bottom-3-218' title='Vgl. Ulrich, I.: &lt;em&gt;Gute Lehre in der Hochschule &amp;#8211; Praxistipps zur Planung und Gestaltung von Lehrveranstaltungen&lt;\/em&gt;, Wiesbaden 2016, S. 25-34.'><sup>3<\/sup><\/a><\/span><\/span><\/p><\/div> <\/div> <div  class=\"row center-xs middle-xs\"> <div  class=\"col-sm-9\" data-type=\"column\">  <\/div> <\/div> <\/div> <\/div><div  data-label=\"Content\" data-id=\"content-7\" data-export-id=\"content-7\" data-category=\"content\" class=\"content-7 content-section content-section-spacing content-relative\" id=\"constructive-alignment\" style=\"background-color: rgb(178, 209, 222); background-image: none;\"><div  class=\"section-separator-top\">\r\n    <svg  xmlns=\"http:\/\/www.w3.org\/2000\/svg\" preserveAspectRatio=\"none\" viewBox=\"0 0 1000 100\" data-separator-name=\"tilt-flipped\" class=\"section-separator-top\">\r\n  <path  id=\"path2\" d=\"M 1000,0 H 0 v 100 z\" class=\"svg-white-bg\"><\/path>\r\n<\/svg>\r\n<\/div> <div  class=\"gridContainer\"> <div  class=\"row middle-sm\"> <div  class=\"col-sm-6 space-bottom-xs content-left-sm\" data-type=\"column\">  <h3  class=\"\"><span  style=\"color: rgb(60, 66, 79);\">Constructive Alignment<\/span><\/h3><p  class=\"\" style=\"text-align: left;\"><span  style=\"color: rgb(60, 66, 79);\">Bei einer Lehrveranstaltungsplanung nach Constructive Alignment<span id='easy-footnote-4-218' class='easy-footnote-margin-adjust'><\/span><span class='easy-footnote'><a href='https:\/\/bildungsportal.sachsen.de\/impulse\/umsetzung\/gutes-e-learning\/#easy-footnote-bottom-4-218' title='Vgl. Biggs, J.: &lt;em&gt;Aligning Teaching And Assessing To Course Objectives&lt;\/em&gt;, In: &lt;em&gt;Teaching and Learning in Higher Education &amp;#8211; New Trends and Innovations&lt;\/em&gt;, University of Aveiro, Aveiro 2003.'><sup>4<\/sup><\/a><\/span> werden Pr\u00fcfungsform, Lernziele und Lernaktivit\u00e4ten optimal aufeinander abgestimmt.<\/span><br ><br ><span  style=\"color: rgb(60, 66, 79);\">\r\nAls erster Schritt werden in der Planung die Lernziele und damit z.B. die zu erreichenden Kompetenzen festgelegt. Darauf basierend werden die zugeh\u00f6rigen Lernaktivit\u00e4ten (Inhalte und Methoden) geplant, um die festgelegten Lernziele zu erreichen. Anschlie\u00dfend wird dazu die passende Pr\u00fcfungsform (unter Einbeziehung der Modulbeschreibung, der Pr\u00fcfungsordnung und anderer Formalien) festgelegt.<\/span><\/p>  <\/div> <div  class=\"col-sm-6 content-left-sm\" data-type=\"column\"><img  class=\"custom-image\" src=\"https:\/\/bildungsportal.sachsen.de\/impulse\/wp-content\/uploads\/2018\/09\/cropped-constructive_alignment-1.png\" alt=\"Bei einer Lehrveranstaltungsplanung nach Constructive Alignment werden Pr\u00fcfungsform, Lernziele und Lernaktivit\u00e4ten optimal aufeinander abgestimmt.\" title=\"Constructive Alignment\">  <\/div> <\/div> <\/div> <div  class=\"section-separator-bottom\">\r\n    <svg  xmlns=\"http:\/\/www.w3.org\/2000\/svg\" viewBox=\"0 0 1000 100\" preserveAspectRatio=\"none\" data-separator-name=\"tilt\" class=\"section-separator-top section-separator-bottom\">\r\n\t<path  class=\"svg-white-bg\" d=\"M-0 0L1000 0 1000 100z\"><\/path>\r\n<\/svg>\r\n<\/div><\/div><div  data-label=\"Content\" data-id=\"content-5\" data-export-id=\"content-12\" data-category=\"content\" class=\"content-12 content-section content-section-spacing\" id=\"content-5\" style=\"background-color: rgb(3, 79, 111); background-image: none;\"> <div  class=\"\"> <div  class=\"row text-center\"> <div  class=\"section-title-col\" data-type=\"column\">   <p  class=\"lead\" style=\"text-align: left;\"><span  style=\"color: rgb(255, 255, 255);\">Bei der Durchf\u00fchrung der Lehre sind die <strong>Pr\u00e4sentationsf\u00e4higkeiten<\/strong> des Lehrenden, eine <strong>professionelle Beziehungsgestaltung<\/strong> sowie die <strong>Aktivit\u00e4t und Motivation der Studierenden<\/strong> sehr wichtig. Au\u00dferdem z\u00e4hlen didaktische Feinheiten wie Methodenvarianz, adaptives Lernen und die Einordnung der Lehrinhalte in h\u00f6here Kontexte zu den Erfolgsfaktoren.<span id='easy-footnote-5-218' class='easy-footnote-margin-adjust'><\/span><span class='easy-footnote'><a href='https:\/\/bildungsportal.sachsen.de\/impulse\/umsetzung\/gutes-e-learning\/#easy-footnote-bottom-5-218' title='Vgl. Ulrich, I.: &lt;em&gt;Gute Lehre in der Hochschule &amp;#8211; Praxistipps zur Planung und Gestaltung von Lehrveranstaltungen&lt;\/em&gt;, Wiesbaden 2016, S. 25-34.'><sup>5<\/sup><\/a><\/span>\r\n<\/span><br ><br ><span  style=\"color: rgb(255, 255, 255);\">\r\nAu\u00dferhalb der Lehrveranstaltung wirken sich <strong>gute Beratung und Betreuung<\/strong> sowie unterst\u00fctzende Lehrmaterialien positiv auf die Lehre aus.<span id='easy-footnote-6-218' class='easy-footnote-margin-adjust'><\/span><span class='easy-footnote'><a href='https:\/\/bildungsportal.sachsen.de\/impulse\/umsetzung\/gutes-e-learning\/#easy-footnote-bottom-6-218' title='Vgl. Ulrich, I.: &lt;em&gt;Gute Lehre in der Hochschule &amp;#8211; Praxistipps zur Planung und Gestaltung von Lehrveranstaltungen&lt;\/em&gt;, Wiesbaden 2016, S. 25-34.'><sup>6<\/sup><\/a><\/span>\r\n<\/span><br ><br ><span  style=\"color: rgb(255, 255, 255);\">\r\nNat\u00fcrlich spielen Ihr Enthusiasmus f\u00fcr Ihr Fach und Ihr Engagement f\u00fcr Ihre Lehre eine wichtige Rolle. Mit Ihrer <strong>Begeisterung<\/strong> k\u00f6nnen Sie sozusagen die Studierenden \u201eanstecken\u201c.<span id='easy-footnote-7-218' class='easy-footnote-margin-adjust'><\/span><span class='easy-footnote'><a href='https:\/\/bildungsportal.sachsen.de\/impulse\/umsetzung\/gutes-e-learning\/#easy-footnote-bottom-7-218' title='Vgl. Ulrich, I.: &lt;em&gt;Gute Lehre in der Hochschule &amp;#8211; Praxistipps zur Planung und Gestaltung von Lehrveranstaltungen&lt;\/em&gt;, Wiesbaden 2016, S. 20.'><sup>7<\/sup><\/a><\/span><\/span><\/p><\/div> <\/div> \r\n\r\n<div  class=\"row center-xs middle-xs\"> <div  class=\"col-sm-9\" data-type=\"column\">  <\/div> <\/div> <\/div> <\/div><div  data-label=\"Content\" data-id=\"content-6\" data-export-id=\"content-12\" data-category=\"content\" class=\"content-12 content-section content-section-spacing\" id=\"content-6\" style=\"background-color: rgb(255, 255, 255);\"> <div  class=\"\"><div  data-section-title-area=\"true\" class=\"row text-center\">   <div  class=\"section-title-col\" data-type=\"column\">              <p  class=\"lead\" style=\"text-align: left;\">Da E-Learning nur einen Teil der Lehre darstellt, kann der Einsatz von digitalen Medien in der Lehre diese Kriterien nicht ersetzen. Diese Kriterien sind eine entscheidende Grundlage f\u00fcr gute Lehre, egal ob mit oder ohne digitalen Medien. Deshalb sollte der Einsatz digitaler Medien in der Lehre immer erst auf einer guten Lehre basieren.<\/p>   <\/div><\/div>  <div  class=\"row center-xs middle-xs\"> <div  class=\"col-sm-9\" data-type=\"column\">  <\/div> <\/div> <\/div> <\/div><div  data-label=\"Overlappable\" data-id=\"overlappable-1\" data-export-id=\"overlappable-1\" data-category=\"overlappable\" class=\"overlappable-1 content-section content-section-spacing\" data-overlap=\"true\" id=\"overlappable-1\" style=\"background-color: rgb(239, 239, 239); background-image: none;\"> <div  class=\"gridContainer\"><div  data-section-title-area=\"true\" class=\"row text-center\">   <div  class=\"section-title-col\" data-type=\"column\">              <p  class=\"lead\"><\/p><h2  class=\"\">Weiterf\u00fchrende Informationen<\/h2>   <p  class=\"lead\">Hier finden Sie Literaturempfehlungen zum Thema Hochchuldidaktik und guter Lehre.<\/p><\/div><\/div> <div  data-type=\"row\" class=\"row shadow-medium flex-grow\"> <div  data-type=\"column\" class=\"col-xs-12 col-sm-4 bg-color-white col-padding col-padding-small-xs\"> <i  class=\"fa icon fa-book color2\"> <\/i> <h5  class=\"\">DIDAKTIK-COACH<\/h5> <p  class=\"\" style=\"text-align: left;\">Im Buch \u201eEinf\u00fchrung in die Hochschul-Lehre: Der Didaktik-Coach\u201c von Andreas B\u00f6ss-Ostendorf und Holger Senft finden Sie einen guten Einstieg in das Thema Didaktik.<\/p>  <\/div> <div  data-type=\"column\" class=\"col-xs-12 col-sm-4 col-padding col-padding-small-xs inverted bg-color10\"> <i  class=\"fa icon white fa-book color2\"> <\/i> <h5  class=\"inverted\"><span  style=\"color: rgb(60, 66, 79);\">GUTE LEHRE IN DER HOCHSCHULE<\/span><\/h5> <p  class=\"\" style=\"text-align: left;\"><span  style=\"color: rgb(107, 124, 147);\">Einen alternativen Einstieg in das Thema Hochschuldidaktik bietet Immanuel Ulrichs \u201eGute Lehre in der Hochschule: Praxistipps zur Planung und Gestaltung von Lehrveranstaltungen\u201c.<\/span> <\/p>  <\/div> <div  data-type=\"column\" class=\"col-xs-12 col-sm-4 col-padding col-padding-small-xs inverted bg-color-white\"> <i  class=\"fa icon fa-file-text-o color2\"> <\/i> <h5  class=\"inverted\"><span  style=\"color: rgb(60, 66, 79);\">CHARTA GUTER LEHRE<\/span> <\/h5> <p  class=\"\" style=\"text-align: left;\"><span  style=\"color: rgb(107, 124, 147);\">In der \u201eCharta guter Lehre\u201c fasst der Stifterverband auf 116 Seiten zusammen, was gute Lehre ausmacht und wie gute Lehre gef\u00f6rdert werden kann. Das PDF steht frei zum <a  data-mce-href=\"https:\/\/www.stifterverband.org\/charta-guter-lehre\" href=\"https:\/\/www.stifterverband.org\/charta-guter-lehre\" target=\"_blank\" rel=\"noopener\" data-mce-selected=\"inline-boundary\" data-cp-link=\"1\" class=\"\">Download<\/a> bereit.\r\n<\/span><span  style=\"color: rgb(107, 124, 147);\"><\/span> <\/p>  <\/div> <\/div> <\/div> <\/div>\r\n\r\n\r\n<!--------------------------------------------------------------------------------------------------------------------------------------->\r\n\r\n\r\n<!-- Related Posts -->\r\n\r\n\r\n<div  data-label=\"Portfolio\" data-id=\"portfolio--2\" data-export-id=\"portfolio-3\" data-category=\"portfolio\" class=\"portfolio-3 content-section content-section-spacing content-relative related-posts\" id=\"portfolio-2\" style=\"background-size: cover; background-position: center top; background-image: none; background-color: rgb(246, 246, 246);\" data-section-ov=\"1\">\r\n<div  class=\"gridContainer\"> \r\n\r\n<div  class=\"row text-center\">\r\n<div  class=\"section-title-col\" data-type=\"column\">\r\n<h2  class=\"\"><span style=\"color: rgb(60, 66, 79);\" >Weitere &nbsp;<img src=\"https:\/\/bildungsportal.sachsen.de\/impulse\/wp-content\/uploads\/2018\/10\/impulse_logo-300x75.png\" alt=\"Impulse\" width=\"200\"  style=\"vertical-align: bottom;\"\/><\/span><\/h2><br\/>\r\n<\/div>\r\n<\/div> \r\n\r\n<div  class=\"row spaced-cols space-bottom\" data-type=\"row\">\r\n\r\n<!-- Post 1 -->\r\n\r\n<div  class=\"col-xs-12 col-sm-4 text-center col-md-4 \"> \r\n<div  class=\"card no-padding bottom-border-color1 no-shadow related-posts\">\r\n<div  data-hover-fx=\"portfolio-3\" class=\"contentswap-effect\">\r\n<a href=\"..\/erste-schritte\">\r\n<div  class=\"initial-image\"> \r\n<img  data-size=\"500x333\" src=\"https:\/\/bildungsportal.sachsen.de\/impulse\/wp-content\/uploads\/2018\/11\/cropped-nueng_00_erste_schritte.png\">\r\n<\/div>\r\n<div  class=\"overlay bg-color6\">\r\n<\/div>\r\n<div  class=\"swap-inner col-xs-12\">\r\n<div  class=\"row full-height-row middle-xs middle-sm\">\r\n<\/div>\r\n<\/div>\r\n<\/a>\r\n<\/div> \r\n<div  class=\"space-bottom space-top col-xs-12\" data-type=\"column\">\r\n<a href=\"..\/erste-schritte\" style=\"margin-bottom: 16px;\" >\r\n<h4  class=\"\">Erste Schritte<\/h4> \r\n<\/a>\r\n<p  class=\"small\">Hier finden Sie Tipps f\u00fcr Ihre ersten Schritte beim Einsatz digitaler Medien in der Lehre.<\/p>\r\n<\/div>\r\n<\/div>\r\n<\/div>\r\n\r\n<!-- Post 2 -->\r\n\r\n<div class=\"col-xs-12 col-sm-4 text-center col-md-4 \">\r\n<div class=\"card no-padding bottom-border-color1 no-shadow related-posts\"> \t \t \r\n\r\n<div data-hover-fx=\"portfolio-3\" class=\"contentswap-effect\">\r\n<a href=\"..\/projektdatenbank\">\r\n<div class=\"initial-image\">\r\n<img data-size=\"500x333\" src=\"https:\/\/bildungsportal.sachsen.de\/impulse\/wp-content\/uploads\/2018\/11\/cropped-nueng_00_projektdatenbank.png\">\r\n<\/div>\r\n<div class=\"overlay bg-color6\">\r\n<\/div>\r\n<div class=\"swap-inner col-xs-12\">\r\n<div class=\"row full-height-row middle-xs middle-sm\">\r\n<\/div>\r\n<\/div>\r\n<\/a>\r\n<\/div> \r\n<div class=\"space-bottom space-top col-xs-12\" data-type=\"column\">\r\n<a href=\"..\/projektdatenbank\" style=\"margin-bottom: 16px;\" >\r\n<h4 class=\"\">Projektdatenbank<\/h4>\r\n<\/a>\r\n<p class=\"small\">Durchsuchen Sie eine Datenbank mit allen s\u00e4chsischen E-Learning-Projekten nach Inspirationen.<\/p>\r\n<\/div>\r\n<\/div>\r\n<\/div> \r\n\r\n<!-- Post 3 -->\r\n\r\n<div class=\"col-xs-12 col-sm-4 text-center col-md-4 \">\r\n<div class=\"card no-padding bottom-border-color1 no-shadow related-posts\"> \r\n<div data-hover-fx=\"portfolio-3\" class=\"contentswap-effect\">\r\n<a href=\"..\/dos-donts\">\r\n<div class=\"initial-image\"> \r\n<img data-size=\"500x333\" src=\"https:\/\/bildungsportal.sachsen.de\/impulse\/wp-content\/uploads\/2018\/11\/cropped-nueng_00_dos_donts.png\">\r\n<\/div> \r\n<div class=\"overlay bg-color6\">\r\n<\/div> \r\n<div class=\"swap-inner col-xs-12\"> \r\n<div class=\"row full-height-row middle-xs middle-sm\"> \r\n<\/div>\r\n<\/div> \r\n<\/a>\r\n<\/div> \r\n<div class=\"space-bottom space-top col-xs-12\" data-type=\"column\">\r\n<a href=\"..\/dos-donts\" style=\"margin-bottom: 16px;\" >\r\n<h4 class=\"\" >Dos und Don&#8217;ts<\/h4> \r\n<\/a>\r\n<p class=\"small\" >Hier finden Sie Tipps und Hinweise zum Einsatz digitaler Medien in der Lehre.<\/p>\r\n<\/div> \r\n<\/div>\r\n<\/div> \r\n<\/div>\r\n\r\n<\/div>\r\n<\/div>","protected":false},"excerpt":{"rendered":"<p>Gute Lehre \u2013 Gutes E-Learning \u201eMit neuen Medientechniken wird immer wieder die Erwartung auf ein \u201ebesseres Lernen\u201c und eine \u201eErneuerung des Bildungswesens\u201c verkn\u00fcpft. Radio oder Fernsehen, die CD oder das Internet, immer wieder wird vermutet, dass mit dem Medium an sich ein substantieller Gewinn f\u00fcr das Lernen verbunden sein k\u00f6nnte. Und immer wieder wird deutlich,&hellip; <br \/> <a class=\"read-more\" href=\"https:\/\/bildungsportal.sachsen.de\/impulse\/umsetzung\/gutes-e-learning\/\">Read more<\/a><\/p>\n","protected":false},"author":5,"featured_media":0,"parent":214,"menu_order":1,"comment_status":"closed","ping_status":"closed","template":"pro\/page-templates\/full-width-page.php","meta":[],"_links":{"self":[{"href":"https:\/\/bildungsportal.sachsen.de\/impulse\/wp-json\/wp\/v2\/pages\/218"}],"collection":[{"href":"https:\/\/bildungsportal.sachsen.de\/impulse\/wp-json\/wp\/v2\/pages"}],"about":[{"href":"https:\/\/bildungsportal.sachsen.de\/impulse\/wp-json\/wp\/v2\/types\/page"}],"author":[{"embeddable":true,"href":"https:\/\/bildungsportal.sachsen.de\/impulse\/wp-json\/wp\/v2\/users\/5"}],"replies":[{"embeddable":true,"href":"https:\/\/bildungsportal.sachsen.de\/impulse\/wp-json\/wp\/v2\/comments?post=218"}],"version-history":[{"count":63,"href":"https:\/\/bildungsportal.sachsen.de\/impulse\/wp-json\/wp\/v2\/pages\/218\/revisions"}],"predecessor-version":[{"id":2480,"href":"https:\/\/bildungsportal.sachsen.de\/impulse\/wp-json\/wp\/v2\/pages\/218\/revisions\/2480"}],"up":[{"embeddable":true,"href":"https:\/\/bildungsportal.sachsen.de\/impulse\/wp-json\/wp\/v2\/pages\/214"}],"wp:attachment":[{"href":"https:\/\/bildungsportal.sachsen.de\/impulse\/wp-json\/wp\/v2\/media?parent=218"}],"curies":[{"name":"wp","href":"https:\/\/api.w.org\/{rel}","templated":true}]}}