{"id":220,"date":"2018-06-01T12:54:24","date_gmt":"2018-06-01T10:54:24","guid":{"rendered":"https:\/\/bildungsportal.sachsen.de\/microsite\/?page_id=220"},"modified":"2020-05-18T07:48:48","modified_gmt":"2020-05-18T05:48:48","slug":"erste-schritte","status":"publish","type":"page","link":"https:\/\/bildungsportal.sachsen.de\/impulse\/umsetzung\/erste-schritte\/","title":{"rendered":"Erste Schritte"},"content":{"rendered":"<div  data-label=\"Content\" data-id=\"content--1\" data-export-id=\"content-12\" data-category=\"content\" class=\"content-12 content-section content-section-spacing\" id=\"content-1\" style=\"background-color: rgb(255, 255, 255);\"><div  class=\"gridContainer\"> <div  class=\"row text-center\"><div  class=\"section-title-col\" data-type=\"column\"> <h2  class=\"\">Erste Schritte<\/h2> <p  class=\"lead\">Wie fangen Sie am besten an, wenn Sie sich f\u00fcr einen Einsatz digitaler Medien in Ihrer Lehre entschieden haben?<\/p><p  class=\"lead\">Zun\u00e4chst sollten Sie sich fragen, warum und wof\u00fcr Sie digitale Medien in Ihrer Lehre einsetzen m\u00f6chten. In der Regel besteht immer ein \u201eProblem\u201c oder ein Anliegen, das durch den Einsatz von E-Learning gel\u00f6st werden kann. <strong>Denn der alleinige Einsatz von E-Learning nur aufgrund der digitalen Medien selbst ist nicht empfehlenswert.<\/strong><br\/><br\/><\/p><img  class=\"custom-image\" src=\"https:\/\/bildungsportal.sachsen.de\/impulse\/wp-content\/uploads\/2018\/08\/nueng_03_erste_schritte.png\" alt=\"Illustration eines Lehrenden mit einem Fragezeichen \u00fcber dem Kopf.\" title=\"Wie soll ich anfangen?\"><\/div> <\/div> \r\n\r\n<div  class=\"row center-xs middle-xs\"> <div  class=\"col-sm-9\" data-type=\"column\"> <\/div> <\/div><\/div> <\/div><div  data-label=\"Overlappable\" data-id=\"overlappable--1\" data-export-id=\"overlappable-5\" data-category=\"overlappable\" class=\"overlappable-5 content-section content-section-spacing\" data-overlap=\"true\" id=\"overlappable-1\" style=\"background-color: rgb(255, 255, 255);\"><div  class=\"gridContainer\"><div  data-section-title-area=\"true\" class=\"row text-center\">   <div  class=\"section-title-col\" data-type=\"column\">              <p  class=\"lead\">Bevor Sie digitale Medien in Ihrer Lehre einsetzen, sollten Sie sich folgende Fragen stellen:<span id='easy-footnote-1-220' class='easy-footnote-margin-adjust'><\/span><span class='easy-footnote'><a href='https:\/\/bildungsportal.sachsen.de\/impulse\/umsetzung\/erste-schritte\/#easy-footnote-bottom-1-220' title='Vgl. de Witt, C.; Czerwionka, T.: &lt;em&gt;Mediendidaktik&lt;\/em&gt;, Bielefeld 2007, S. 91. Verf\u00fcgbar unter &lt;a href=&quot;http:\/\/www.die-bonn.de\/doks\/2007-mediendidaktik-01.pdf&quot; target=&quot;_blank&quot; rel=&quot;noopener noreferrer&quot;&gt;http:\/\/www.die-bonn.de\/doks\/2007-mediendidaktik-01.pdf&lt;\/a&gt;'><sup>1<\/sup><\/a><\/span><\/p>   <\/div><\/div> \r\n\r\n<div  data-type=\"row\" class=\"row shadow-medium bg-color-white\"><div  class=\"col-xs-12 col-sm-4 col-padding col-padding-xs bg-color-white col-md-4 \"> <div  class=\"row middle-sm\"><div  class=\"col-xs-12 col-md-3\"> <i  class=\"fa icon fa-question-circle-o large color2\"><\/i><\/div> <div  data-type=\"column\" class=\"col-xs-12 col-md-9\"><\/div> <\/div> <div  class=\"row\"> <div  class=\"col-xs-12 col-sm-12\" data-type=\"column\">  <p  class=\"lead\">Was erhoffe ich mir von dem Medieneinsatz?<\/p><\/div> <\/div><\/div> <div  class=\"col-xs-12 col-sm-4 col-padding col-padding-xs bg-color-white col-md-4 \"><div  class=\"row middle-sm\"> <div  class=\"col-xs-12 col-md-3\"><i  class=\"fa icon fa-question-circle-o large color2\"><\/i><\/div> <div  data-type=\"column\" class=\"col-xs-12 col-md-9\"><\/div> <\/div> <div  class=\"row\"> <div  class=\"col-xs-12 col-sm-12\" data-type=\"column\">  <p  class=\"lead\">Welche Inhalte m\u00f6chte ich mit welchem Ziel vermitteln?<\/p><\/div> <\/div><\/div> <div  class=\"col-xs-12 col-sm-4 col-padding col-padding-xs bg-color-white col-md-4 \"><div  class=\"row middle-sm\"> <div  class=\"col-xs-12 col-md-3\"><i  class=\"fa icon fa-question-circle-o large color2\"><\/i><\/div> <div  data-type=\"column\" class=\"col-xs-12 col-md-9\"><\/div> <\/div> <div  class=\"row\"> <div  class=\"col-xs-12 col-sm-12\" data-type=\"column\">  <p  class=\"lead\">Wie m\u00f6chte ich die Lehrveranstaltung didaktisch aufbereiten?<\/p><\/div> <\/div><\/div> <\/div><\/div> <\/div><div  data-label=\"Overlappable\" data-id=\"overlappable--3\" data-export-id=\"overlappable-1\" data-category=\"overlappable\" class=\"overlappable-1 content-section content-section-spacing\" data-overlap=\"true\" id=\"overlappable-3\" style=\"background-color: rgb(255, 255, 255); background-image: none;\"><div  class=\"gridContainer\"><div  data-section-title-area=\"true\" class=\"row text-center\">   <div  class=\"section-title-col\" data-type=\"column\">       <h2  class=\"\">Sieben Schritte<\/h2>       <p  class=\"lead\">Starten Sie mit einer guten didaktischen Analyse als Grundlage f\u00fcr ein stimmiges Gesamtkonzept. Bei Ihrer didaktischen Planung der Lehrveranstaltung sollten Sie vor allem die Lehr-\/Lernziele, die vorhandenen Ressourcen und die zu verwendenden Werkzeuge und Methoden bedenken.\r\n<br ><br >\r\nDabei ist es empfehlenswert die Lehrplanung nach den folgenden sieben Schritten<span id='easy-footnote-2-220' class='easy-footnote-margin-adjust'><\/span><span class='easy-footnote'><a href='https:\/\/bildungsportal.sachsen.de\/impulse\/umsetzung\/erste-schritte\/#easy-footnote-bottom-2-220' title='Vgl. Ulrich, I.: &lt;em&gt;Gute Lehre in der Hochschule &amp;#8211; Praxistipps zur Planung und Gestaltung von Lehrveranstaltungen&lt;\/em&gt;, Wiesbaden 2016, S. 38.'><sup>2<\/sup><\/a><\/span> aufzubauen, die auf dem <a data-mce-href=\"Constructive%20Alignment\" href=\"..\/gutes-e-learning\/#constructive-alignment\" target=\"_self\" data-mce-selected=\"inline-boundary\" data-cp-link=\"1\" rel=\"noopener noreferrer\">Constructive Alignment<\/a> basieren:<\/p>   <\/div><\/div> <div  data-type=\"row\" class=\"row shadow-medium flex-grow\"><div  data-type=\"column\" class=\"col-xs-12 col-padding col-padding-small-xs col-md-12 bg-color11 col-sm-12\" style=\"padding-bottom: 0.5rem;\">  <h5  class=\"\" style=\"text-align: left;\"><span  style=\"color: rgb(0, 128, 128);\">1. RAHMENBEDINGUNGEN KL\u00c4REN<\/span><\/h5> <p  class=\"\" style=\"text-align: left;\">Wer ist die Zielgruppe, wie gro\u00df ist die Veranstaltung und wie wird die Lernsituation sein?<br >\r\nWelche Pr\u00fcfungsformate sind m\u00f6glich?<\/p> <\/div> <div  data-type=\"column\" class=\"col-xs-12 col-padding col-padding-small-xs inverted col-md-12 bg-color11 col-sm-12\" style=\"padding-bottom: 0.5rem;\"> <h5  class=\"inverted\" style=\"text-align: left;\"><span  style=\"color: rgb(0, 128, 128);\">2. LERNZIELE FESTLEGEN<\/span><\/h5> <p  class=\"\" style=\"text-align: left;\"><span  style=\"color: rgb(107, 124, 147);\">Welche F\u00e4higkeiten sollen den Studierenden mitgegeben werden?<\/span><br ><span  style=\"color: rgb(107, 124, 147);\">\r\nWelche Kompetenzen sollen aufgebaut werden?<\/span><\/p> <\/div> <div  data-type=\"column\" class=\"col-xs-12 col-padding col-padding-small-xs inverted col-md-12 bg-color11 col-sm-12\" style=\"padding-bottom: 0.5rem;\"> <h5  class=\"inverted\" style=\"text-align: left;\"><span  style=\"color: rgb(0, 128, 128);\">3. LEHRINHALTE AUSW\u00c4HLEN<\/span><\/h5> <p  class=\"\" style=\"text-align: left;\"><span  style=\"color: rgb(107, 124, 147);\">Welche Inhalte und Themen sollen gelehrt werden?<br >\r\nWie stehen diese im Zusammenhang mit den Lernzielen?<\/span><\/p> <\/div> <div  data-type=\"column\" class=\"col-xs-12 col-padding col-padding-small-xs col-md-12 bg-color11 col-sm-12\" style=\"padding-bottom: 0.5rem;\">  <h5  class=\"\" style=\"text-align: left;\"><span  style=\"color: rgb(0, 128, 128);\">4. LEHRMETHODEN AUSW\u00c4HLEN<\/span><\/h5> <p  class=\"\" style=\"text-align: left;\">Wie kann die Auseinandersetzung mit dem Lernstoff gef\u00f6rdert werden?<br >\r\nMit welchen Methoden kann eine anregende Lernumgebung erzeugt werden?<br >\r\nWie kann ein angemessener Wissenstransfer erreicht werden?<br >\r\nWie k\u00f6nnen digitale Medien hier einen Mehrwert bringen?\r\n<br ><br >Tipp: Schauen Sie sich zum Thema Methoden die weiterf\u00fchrenden Informationen am Ende dieser Seite an.<\/p> <\/div><div  data-type=\"column\" class=\"col-xs-12 col-padding col-padding-small-xs col-md-12 bg-color11 col-sm-12\" style=\"padding-bottom: 0.5rem;\">  <h5  class=\"\" style=\"text-align: left;\"><span  style=\"color: rgb(0, 128, 128);\">5. PR\u00dcFUNGSMETHODEN W\u00c4HLEN<\/span><\/h5> <p  class=\"\" style=\"text-align: left;\">Wie kann \u00fcberpr\u00fcft werden, ob die Lernziele erreicht wurden?<br >\r\nMit welchen Methoden kann der Lernfortschritt erfasst werden?<br >\r\nWie k\u00f6nnen digitale Medien entsprechend eingesetzt werden?<\/p> <\/div><div  data-type=\"column\" class=\"col-xs-12 col-padding col-padding-small-xs col-md-12 bg-color11 col-sm-12\" style=\"padding-bottom: 0.5rem;\">  <h5  class=\"\" style=\"text-align: left;\"><span  style=\"color: rgb(0, 128, 128);\">6. LEHRVERANSTALTUNGSPLAN ERSTELLEN<\/span><\/h5> <p  class=\"\" style=\"text-align: left;\">Wie k\u00f6nnen die Lernziele, Lehrmethoden und Pr\u00fcfungsmethoden auf die einzelnen Lehrveranstaltungsbl\u00f6cke aufgeteilt werden?<\/p> <\/div><div  data-type=\"column\" class=\"col-xs-12 col-padding col-padding-small-xs col-md-12 bg-color11 col-sm-12\">  <h5  class=\"\" style=\"text-align: left;\"><span  style=\"color: rgb(0, 128, 128);\">7. EINZELSTUNDEN PLANEN<\/span><\/h5> <p  class=\"\" style=\"text-align: left;\">Wie sollen die einzelnen Lehrveranstaltungsbl\u00f6cke aufgebaut sein?<br >\r\nWie k\u00f6nnen vor allem die Einstiegs- und Abschlussphasen sinnvoll genutzt werden?<br >\r\nWelchen Mehrwert k\u00f6nnen digitale Medien hier bringen?<\/p> <\/div><\/div><\/div> <\/div><div  data-label=\"Content\" data-id=\"content--2\" data-export-id=\"content-12\" data-category=\"content\" class=\"content-12 content-section content-section-spacing\" id=\"content-2\" style=\"background-color: rgb(255, 255, 255);\"><div  class=\"gridContainer\"> <div  class=\"row text-center\"><div  class=\"section-title-col\" data-type=\"column\">  <\/div> <\/div> <div  class=\"row center-xs middle-xs\"> <div  class=\"col-sm-9\" data-type=\"column\"> <img  class=\"custom-image\" src=\"https:\/\/bildungsportal.sachsen.de\/impulse\/wp-content\/uploads\/2018\/08\/nueng_03_sieben_schritte.png\" alt=\"Illustration eines Lehrenden, der auf einem Ladebalken entlang rennt.\" title=\"Sieben Schritte\"><\/div> <\/div><\/div> <\/div><div  data-label=\"Features\" data-id=\"features--3\" data-export-id=\"features-6\" data-category=\"features\" class=\"feature-6 content-section-spacing\" id=\"features-3\" style=\"background-color: rgb(255, 255, 255);\"><div  class=\"gridContainer\"><div  class=\"row text-center\"><div  class=\"section-title-col\" data-type=\"column\"> <h2  class=\"\">Die didaktische Funktion des Medieneinsatzes<\/h2> <p  class=\"lead\">Beim Einsatz digitaler Medien in der Lehre sollten Sie stets die didaktische Funktion der verwendeten Medien im Blick haben. Es sollte mindestens eine dieser f\u00fcnf Funktionen erf\u00fcllt werden:<span id='easy-footnote-3-220' class='easy-footnote-margin-adjust'><\/span><span class='easy-footnote'><a href='https:\/\/bildungsportal.sachsen.de\/impulse\/umsetzung\/erste-schritte\/#easy-footnote-bottom-3-220' title='Vgl. de Witt, C.; Czerwionka, T.: &lt;em&gt;Mediendidaktik&lt;\/em&gt;, Bielefeld 2007, S. 86. Verf\u00fcgbar unter &lt;a href=&quot;http:\/\/www.die-bonn.de\/doks\/2007-mediendidaktik-01.pdf&quot; target=&quot;_blank&quot; rel=&quot;noopener noreferrer&quot;&gt;http:\/\/www.die-bonn.de\/doks\/2007-mediendidaktik-01.pdf&lt;\/a&gt;'><sup>3<\/sup><\/a><\/span><\/p><\/div> <\/div> <div  data-type=\"row\" class=\"row space-bottom\"> <div  class=\"col-xs-12 col-padding-small-xs col-md-6 col-sm-12\"> <div  class=\"row\"> <div  class=\"col-xs-2\"> <p  class=\"text-center oval color2\"><span  style=\"font-weight: 700; font-size: 1.2rem;\">1<\/span><\/p><\/div> <div  class=\"col-xs-10 start-ms\"><h3  class=\"color2\" style=\"text-align: left;\"><span  style=\"font-weight: 700;\">Lernende motivieren<\/span><\/h3> <\/div> <\/div><p  class=\"lead\" style=\"text-align: left;\">Durch die Vielfalt von Methoden und Werkzeugen, die der Einsatz digitaler Medien in der Lehre bietet, k\u00f6nnen abwechslungsreiche Lernsituationen erzeugt werden, die die Motivation erh\u00f6hen.<\/p><p  class=\"\">&nbsp;<\/p><\/div> <div  class=\"col-xs-12 col-padding-small-xs col-md-6 col-sm-12\"><div  class=\"row\"> <div  class=\"col-xs-2\"><p  class=\"text-center oval color2\"><span  style=\"font-weight: 700; font-size: 1.2rem;\">2<\/span><\/p><\/div> <div  class=\"col-xs-10\"><h3  class=\"color2\" style=\"text-align: left;\"><span  style=\"font-weight: 700;\">Den Lernprozess erleichtern<\/span><\/h3> <\/div> <\/div><p  class=\"lead\" style=\"text-align: left;\">Der Einsatz digitaler Medien kann zu einer Flexibilisierung der Lehre, wie z.B. Zeit- und Ortsunabh\u00e4ngigkeit, und damit der Erleichterung des Lernprozesses beitragen.<\/p><p  class=\"\">&nbsp; <\/p><\/div> <div  class=\"col-xs-12 col-padding-small-xs col-md-6 col-sm-12\"><div  class=\"row\"> <div  class=\"col-xs-2\"><p  class=\"text-center oval color2\"><span  style=\"font-weight: 700; font-size: 1.2rem;\">3<\/span><\/p><\/div> <div  class=\"col-xs-10\"><h3  class=\"color2\" style=\"text-align: left;\"><span  style=\"font-weight: 700;\">R\u00fcckmeldungen \u00fcber den Lernerfolg geben<\/span><\/h3> <\/div> <\/div><p  class=\"lead\" style=\"text-align: left;\">E-Learning bietet die M\u00f6glichkeit zu vielf\u00e4ltigen Lernerfolgskontrollen mit zum Teil sofortigem Feedback, die einen guten \u00dcberblick \u00fcber den aktuellen Lernerfolg geben k\u00f6nnen.<\/p><p  class=\"\">&nbsp;<\/p><\/div> <div  class=\"col-xs-12 col-padding-small-xs col-md-6 col-sm-12\"> <div  class=\"row\"> <div  class=\"col-xs-2\"> <p  class=\"text-center oval color2\"><span  style=\"font-weight: 700; font-size: 1.2rem;\">4<\/span><\/p><\/div> <div  class=\"col-xs-10 start-ms\"><h3  class=\"color2\" style=\"text-align: left;\"><span  style=\"font-weight: 700;\">Selbstgesteuertes Lernen unterst\u00fctzen<\/span><\/h3> <\/div> <\/div><p  class=\"lead\" style=\"text-align: left;\">Der Einsatz digitaler Medien in der Lehre erlaubt es Studierenden ihren Lernprozess noch individueller zu gestalten. Dies kann z.B. durch die Selbstbestimmung des eigenen Lerntempos geschehen.<\/p><p  class=\"\">&nbsp;<\/p><\/div><div  class=\"col-xs-12 col-padding-small-xs col-md-6 col-sm-12\"> <div  class=\"row\"> <div  class=\"col-xs-2\"> <p  class=\"text-center oval color2\"><span  style=\"font-weight: 700; font-size: 1.2rem;\">5<\/span><\/p><\/div> <div  class=\"col-xs-10 start-ms\"><h3  class=\"color2\" style=\"text-align: left;\"><span  style=\"font-weight: 700;\">Kommunikation und Kooperation unterst\u00fctzen<\/span><\/h3> <\/div> <\/div><p  class=\"lead\" style=\"text-align: left;\">Durch eine Vielzahl an Kommunikations- und Kooperationsm\u00f6glichkeiten beim Einsatz digitaler Medien in der Lehre k\u00f6nnen Betreuung, Austausch und Vernetzung erleichtert werden.<\/p><p  class=\"\">&nbsp;<\/p><\/div><\/div> <div  class=\"row\"> <div  data-type=\"column\" class=\"col-xs-12 text-center\"> <\/div> <\/div><\/div> <\/div><div  data-label=\"Overlappable\" data-id=\"overlappable--2\" data-export-id=\"overlappable-1\" data-category=\"overlappable\" class=\"overlappable-1 content-section content-section-spacing\" data-overlap=\"true\" id=\"overlappable-2\" style=\"background-color: rgb(239, 239, 239); background-image: none;\"><div  class=\"gridContainer\"><div  data-section-title-area=\"true\" class=\"row text-center\">   <div  class=\"section-title-col\" data-type=\"column\">       <h2  class=\"\">Weiterf\u00fchrende Informationen<\/h2>       <p  class=\"lead\">Hier finden Sie ausgew\u00e4hlte Lekt\u00fcre, um sich mit dem Einstieg in das Thema E-Learning n\u00e4her zu besch\u00e4ftigen und die passenden Methoden f\u00fcr Ihre Lehre auszuw\u00e4hlen.<\/p>   <\/div><\/div> <div  data-type=\"row\" class=\"row shadow-medium flex-grow\"><div  data-type=\"column\" class=\"col-xs-12 bg-color-white col-padding col-padding-small-xs col-sm-12 col-md-4\"> <i  class=\"fa icon fa-book color2\"><\/i> <h5  class=\"\">101 E-LEARNING-SEMINAR-METHODEN<\/h5> <p  class=\"\" style=\"text-align: left;\">Im Buch \u201c101 e-Learning-Seminarmethoden: Methoden und Strategien f\u00fcr die Online- und Blended-Learning-Seminarpraxis\u201d von Hartmut H\u00e4fele und Kornelia Maier-H\u00e4fele finden Sie praktische Tipps f\u00fcr Ihr E-Learning-Szenario.<\/p> <\/div> <div  data-type=\"column\" class=\"col-xs-12 col-padding col-padding-small-xs inverted bg-color10 col-sm-12 col-md-4\"><i  class=\"fa icon white fa-book color2\"><\/i> <h5  class=\"inverted\"><span  style=\"color: rgb(60, 66, 79);\">\u00dcBERSICHT LEHRMETHODEN<\/span><\/h5> <p  class=\"\" style=\"text-align: left;\"><span  style=\"color: rgb(107, 124, 147);\">Wenn Sie auf der Suche nach einer \u00dcbersicht von Lehrmethoden sind, finden Sie im Buch \u201cGute Lehre in der Hochschule: Praxistipps zur Planung und Gestaltung von Lehrveranstaltungen\u201d von Immanuel Ulrich eine gut aufbereitete Methodensammlung.<\/span><\/p> <\/div> <div  data-type=\"column\" class=\"col-xs-12 col-padding col-padding-small-xs inverted bg-color-white col-sm-12 col-md-4\"><i  class=\"fa icon fa-television color2\"><\/i> <h5  class=\"inverted\"><span  style=\"color: rgb(60, 66, 79);\">ONLINE-METHODENPOOL<\/span><\/h5> <p  class=\"\" style=\"text-align: left;\"><span  style=\"color: rgb(107, 124, 147);\">Im Methodenpool von Prof. Dr. Kersten Reich (Universit\u00e4t zu K\u00f6ln) finden Sie eine Vielzahl an Unterrichtsmethoden f\u00fcr Ihre Planung.<\/span><\/p> <a class=\"link\" href=\"http:\/\/www.uni-koeln.de\/ew-fak\/konstrukt\/didaktik\/frameset_uebersicht.htm\" target=\"_blank\" data-cp-link=\"1\" rel=\"noopener noreferrer\">zum Online-Methodenpool<\/a><\/div> <div  data-type=\"column\" class=\"col-xs-12 bg-color-white col-padding col-padding-small-xs col-sm-12 col-md-4\"> <i  class=\"fa icon fa-desktop color2\"><\/i> <h5  class=\"\">METHOPEDIA<\/h5> <p  class=\"\" style=\"text-align: left;\">Bei Methopedia finen Sie \u00fcber 100 Methoden f\u00fcr Ihre Lehre. Laden Sie sich das PDF herunter oder durchst\u00f6bern Sie die Methoden anhand einer Tag-Cloud.<\/p> <a class=\"link\" href=\"https:\/\/methopedia.eu\/de\/stories\/mpbook\/\" target=\"_blank\" link=\"1\" style=\"display: block;\" rel=\"noopener noreferrer\">Methopedia PDF<\/a><a class=\"link\" href=\"https:\/\/methopedia.eu\/de\/stories\" target=\"_blank\" data-cp-link=\"1\" rel=\"noopener noreferrer\">Methopedia Online-Suche<\/a><\/div><div  data-type=\"column\" class=\"col-xs-12 bg-color-white col-padding col-padding-small-xs col-sm-12 col-md-4\"> <i  class=\"fa icon fa-desktop color2\"><\/i> <h5  class=\"\">METHODENSAMMLUNG<\/h5> <p  class=\"\" style=\"text-align: left;\">Hier finden Sie weitere Methoden f\u00fcr Ihre Lehre. Die einzelnen Methoden sind in Kategorien eingeteilt, die miteinander kombiniert werden k\u00f6nnen und so ein schnelles Auffinden der passende(n) Methode(n) erm\u00f6glichen. <\/p> <a class=\"link\" href=\"https:\/\/www.schulentwicklung.nrw.de\/methodensammlung\/liste.php\" target=\"_blank\" data-cp-link=\"1\" rel=\"noopener noreferrer\">zur Methodensammlung<\/a><\/div><div  data-type=\"column\" class=\"col-xs-12 bg-color-white col-padding col-padding-small-xs col-sm-12 col-md-4\"> <i  class=\"fa icon fa-book color10\"><\/i> <h5  class=\"\">&nbsp;<\/h5> <p  class=\"\" style=\"text-align: left;\">&nbsp;<\/p> <\/div><\/div><\/div> <\/div>\r\n\r\n\r\n\r\n\r\n<!--------------------------------------------------------------------------------------------------------------------------------------->\r\n\r\n\r\n<!-- Related Posts -->\r\n\r\n\r\n<div  data-label=\"Portfolio\" data-id=\"portfolio--2\" data-export-id=\"portfolio-3\" data-category=\"portfolio\" class=\"portfolio-3 content-section content-section-spacing content-relative related-posts\" id=\"portfolio-2\" style=\"background-size: cover; background-position: center top; background-image: none; background-color: rgb(246, 246, 246);\" data-section-ov=\"1\">\r\n<div  class=\"gridContainer\"> \r\n\r\n<div  class=\"row text-center\">\r\n<div  class=\"section-title-col\" data-type=\"column\">\r\n<h2  class=\"\"><span style=\"color: rgb(60, 66, 79);\" >Weitere &nbsp;<img src=\"https:\/\/bildungsportal.sachsen.de\/impulse\/wp-content\/uploads\/2018\/10\/impulse_logo-300x75.png\" alt=\"Impulse\" width=\"200\"  style=\"vertical-align: bottom;\"\/><\/span><\/h2><br\/>\r\n<\/div>\r\n<\/div> \r\n\r\n<div  class=\"row spaced-cols space-bottom\" data-type=\"row\">\r\n\r\n<!-- Post 1 -->\r\n\r\n<div  class=\"col-xs-12 col-sm-4 text-center col-md-4 \"> \r\n<div  class=\"card no-padding bottom-border-color1 no-shadow related-posts\">\r\n<div  data-hover-fx=\"portfolio-3\" class=\"contentswap-effect\">\r\n<a href=\"..\/dos-donts\">\r\n<div  class=\"initial-image\"> \r\n<img  data-size=\"500x333\" src=\"https:\/\/bildungsportal.sachsen.de\/impulse\/wp-content\/uploads\/2018\/11\/cropped-nueng_00_dos_donts.png\">\r\n<\/div>\r\n<div  class=\"overlay bg-color6\">\r\n<\/div>\r\n<div  class=\"swap-inner col-xs-12\">\r\n<div  class=\"row full-height-row middle-xs middle-sm\">\r\n<\/div>\r\n<\/div>\r\n<\/a>\r\n<\/div> \r\n<div  class=\"space-bottom space-top col-xs-12\" data-type=\"column\">\r\n<a href=\"..\/dos-donts\" style=\"margin-bottom: 16px;\" >\r\n<h4  class=\"\">Dos und Don&#8217;ts<\/h4> \r\n<\/a>\r\n<p  class=\"small\">Hier finden Sie Tipps und Hinweise zum Einsatz digitaler Medien in der Lehre.<\/p>\r\n<\/div>\r\n<\/div>\r\n<\/div>\r\n\r\n<!-- Post 2 -->\r\n\r\n<div class=\"col-xs-12 col-sm-4 text-center col-md-4 \">\r\n<div class=\"card no-padding bottom-border-color1 no-shadow related-posts\"> \t \t \r\n\r\n<div data-hover-fx=\"portfolio-3\" class=\"contentswap-effect\">\r\n<a href=\"..\/ideen-generator\">\r\n<div class=\"initial-image\">\r\n<img data-size=\"500x333\" src=\"https:\/\/bildungsportal.sachsen.de\/impulse\/wp-content\/uploads\/2018\/11\/cropped-nueng_00_ideengenerator.png\">\r\n<\/div>\r\n<div class=\"overlay bg-color6\">\r\n<\/div>\r\n<div class=\"swap-inner col-xs-12\">\r\n<div class=\"row full-height-row middle-xs middle-sm\">\r\n<\/div>\r\n<\/div>\r\n<\/a>\r\n<\/div> \r\n<div class=\"space-bottom space-top col-xs-12\" data-type=\"column\">\r\n<a href=\"..\/ideen-generator\" style=\"margin-bottom: 16px;\" >\r\n<h4 class=\"\">Ideengenerator<\/h4>\r\n<\/a>\r\n<p class=\"small\">Lassen Sie sich von vielen verschiedenen Ideen zum Thema digitale Medien in der Lehre inspirieren.<\/p>\r\n<\/div>\r\n<\/div>\r\n<\/div> \r\n\r\n<!-- Post 3 -->\r\n\r\n<div class=\"col-xs-12 col-sm-4 text-center col-md-4 \">\r\n<div class=\"card no-padding bottom-border-color1 no-shadow related-posts\"> \r\n<div data-hover-fx=\"portfolio-3\" class=\"contentswap-effect\">\r\n<a href=\"..\/projektdatenbank\">\r\n<div class=\"initial-image\"> \r\n<img data-size=\"500x333\" src=\"https:\/\/bildungsportal.sachsen.de\/impulse\/wp-content\/uploads\/2018\/11\/cropped-nueng_00_projektdatenbank.png\">\r\n<\/div> \r\n<div class=\"overlay bg-color6\">\r\n<\/div> \r\n<div class=\"swap-inner col-xs-12\"> \r\n<div class=\"row full-height-row middle-xs middle-sm\"> \r\n<\/div>\r\n<\/div> \r\n<\/a>\r\n<\/div> \r\n<div class=\"space-bottom space-top col-xs-12\" data-type=\"column\">\r\n<a href=\"..\/projektdatenbank\" style=\"margin-bottom: 16px;\" >\r\n<h4 class=\"\" >Projektdatenbank<\/h4> \r\n<\/a>\r\n<p class=\"small\" >Durchsuchen Sie eine Datenbank mit allen s\u00e4chsischen E-Learning-Projekten nach Inspirationen.<\/p>\r\n<\/div> \r\n<\/div>\r\n<\/div> \r\n<\/div>\r\n\r\n<\/div>\r\n<\/div>","protected":false},"excerpt":{"rendered":"<p>Erste Schritte Wie fangen Sie am besten an, wenn Sie sich f\u00fcr einen Einsatz digitaler Medien in Ihrer Lehre entschieden haben?Zun\u00e4chst sollten Sie sich fragen, warum und wof\u00fcr Sie digitale Medien in Ihrer Lehre einsetzen m\u00f6chten. In der Regel besteht immer ein \u201eProblem\u201c oder ein Anliegen, das durch den Einsatz von E-Learning gel\u00f6st werden kann.&hellip; <br \/> <a class=\"read-more\" href=\"https:\/\/bildungsportal.sachsen.de\/impulse\/umsetzung\/erste-schritte\/\">Read more<\/a><\/p>\n","protected":false},"author":5,"featured_media":0,"parent":214,"menu_order":3,"comment_status":"closed","ping_status":"closed","template":"pro\/page-templates\/full-width-page.php","meta":[],"_links":{"self":[{"href":"https:\/\/bildungsportal.sachsen.de\/impulse\/wp-json\/wp\/v2\/pages\/220"}],"collection":[{"href":"https:\/\/bildungsportal.sachsen.de\/impulse\/wp-json\/wp\/v2\/pages"}],"about":[{"href":"https:\/\/bildungsportal.sachsen.de\/impulse\/wp-json\/wp\/v2\/types\/page"}],"author":[{"embeddable":true,"href":"https:\/\/bildungsportal.sachsen.de\/impulse\/wp-json\/wp\/v2\/users\/5"}],"replies":[{"embeddable":true,"href":"https:\/\/bildungsportal.sachsen.de\/impulse\/wp-json\/wp\/v2\/comments?post=220"}],"version-history":[{"count":64,"href":"https:\/\/bildungsportal.sachsen.de\/impulse\/wp-json\/wp\/v2\/pages\/220\/revisions"}],"predecessor-version":[{"id":5582,"href":"https:\/\/bildungsportal.sachsen.de\/impulse\/wp-json\/wp\/v2\/pages\/220\/revisions\/5582"}],"up":[{"embeddable":true,"href":"https:\/\/bildungsportal.sachsen.de\/impulse\/wp-json\/wp\/v2\/pages\/214"}],"wp:attachment":[{"href":"https:\/\/bildungsportal.sachsen.de\/impulse\/wp-json\/wp\/v2\/media?parent=220"}],"curies":[{"name":"wp","href":"https:\/\/api.w.org\/{rel}","templated":true}]}}