{"id":630,"date":"2018-07-23T15:20:29","date_gmt":"2018-07-23T13:20:29","guid":{"rendered":"https:\/\/bildungsportal.sachsen.de\/microsite\/?page_id=630"},"modified":"2021-07-06T15:08:09","modified_gmt":"2021-07-06T13:08:09","slug":"impressum","status":"publish","type":"page","link":"https:\/\/bildungsportal.sachsen.de\/impulse\/impressum\/","title":{"rendered":"Impressum"},"content":{"rendered":"<div data-label=\"Content\" data-id=\"content--1\" data-export-id=\"content-12\" data-category=\"content\" class=\"content-12 content-section content-section-spacing\" id=\"content-1\" style=\"background-color: #ffffff;\">\r\n<div class=\"gridContainer\">\r\n<div class=\"row text-center\">\r\n<div class=\"section-title-col\" data-type=\"column\">\r\n<h2 class=\"\">Impressum<\/h2>\r\n<p class=\"lead\"><\/p>\r\n\r\n<\/div>\r\n<\/div>\r\n<div class=\"row center-xs middle-xs\">\r\n<div class=\"col-sm-9\" data-type=\"column\">\r\n<h4 class=\"\" style=\"text-align: left;\">Herausgeber<\/h4>\r\n<p class=\"\" style=\"text-align: left;\">Stellvertretend f\u00fcr die Landesrektorenkonferenz Sachsen die derzeitige Gesch\u00e4ftsstelle:\r\nGesch\u00e4ftsstelle der Landesrektorenkonferenz Sachsen\r\nc\/o Technische Universit\u00e4t Bergakademie Freiberg\r\nB\u00fcro des Rektors\r\nAkademiestra\u00dfe 6\r\n09599 Freiberg\r\nE-Mail: <a href=\"&#x6d;&#x61;&#105;lt&#x6f;&#x3a;&#103;&#101;s&#x63;&#x68;&#97;&#101;f&#x74;&#x73;&#x73;&#116;el&#x6c;&#x65;&#46;&#108;r&#x6b;&#x40;&#122;&#117;v&#x2e;&#x74;&#117;&#45;f&#x72;&#x65;&#x69;&#98;er&#x67;&#x2e;&#100;&#101;\" target=\"_blank\" rel=\"noopener noreferrer\" data-cp-link=\"1\">&#x67;&#x65;&#x73;&#x63;&#104;&#97;eft&#x73;&#x73;&#x74;&#x65;&#108;&#108;e&#46;l&#x72;&#x6b;&#x40;&#x7a;&#117;&#118;&#46;tu&#x2d;&#x66;&#x72;&#x65;&#105;&#98;&#101;rg&#x2e;&#x64;&#x65;<\/a><\/p>\r\n\r\nDie Technische Universit\u00e4t Bergakademie Freiberg ist eine K\u00f6rperschaft des \u00d6ffentlichen Rechts. Sie wird durch den Rektor Prof. Dr. Klaus-Dieter Barbknecht gesetzlich vertreten.\r\nDie Umsatzsteueridentifikations-Nr. nach \u00a7 27a UStG lautet DE 141136178.\r\n<h4 class=\"\" style=\"text-align: left;\">Zust\u00e4ndige Aufsichtsbeh\u00f6rde<\/h4>\r\n<p class=\"\" style=\"text-align: left;\">S\u00e4chsisches Staatsministerium f\u00fcr Wissenschaft, Kultur und Tourismus\r\nWigardstra\u00dfe 17\r\n01097 Dresden\r\nPostanschrift:\r\nPostfach 10 09 20\r\n01076 Dresden<\/p>\r\n<br class=\"\" \/><img src=\"https:\/\/bildungsportal.sachsen.de\/impulse\/wp-content\/uploads\/2018\/07\/signet_schwarz.png\" style=\"float: left; width: 40px; margin-right: 15px;\" class=\"\" \/>\r\n<div style=\"text-align: left;\" class=\"\">Diese Ma\u00dfnahme wird mitfinanziert durch Steuermittel auf der Grundlage des von den Abgeordneten des S\u00e4chsischen Landtages beschlossenen Haushalts.<\/div>\r\n<br style=\"clear: both;\" class=\"\" \/><br class=\"\" \/>\r\n<h4 class=\"\" style=\"text-align: left;\">Ansprechpartner f\u00fcr die Seite<\/h4>\r\n<p class=\"\" style=\"text-align: left;\">Arbeitskreis E-Learning der Landesrektorenkonferenz Sachsen\r\nGesch\u00e4ftsstelle\r\nTechnische Universit\u00e4t Dresden\r\nMedienzentrum (MZ)\r\n01062 Dresden\r\nTel.: (0351) 46 34 02 64\r\nE-Mail: <a href=\"&#x6d;&#x61;&#105;&#108;&#116;o&#x3a;&#x25;&#x32;&#48;&#97;k-&#x65;&#x6c;&#x65;&#97;&#114;n&#x69;&#x6e;&#x67;&#64;&#108;&#114;k&#x2d;&#x73;&#x61;&#99;&#104;se&#x6e;&#x2e;&#x64;&#101;\" target=\"_blank\" rel=\"noopener noreferrer\" data-cp-link=\"1\">&#x61;&#x6b;&#x2d;&#x65;&#x6c;&#x65;&#x61;&#114;&#110;&#105;&#110;&#103;&#64;lrk&#x2d;&#x73;&#x61;&#x63;&#x68;&#x73;&#x65;&#x6e;&#46;&#100;&#101;<\/a><\/p>\r\n\r\n<h4 class=\"\" style=\"text-align: left;\">Technische Bereitstellung<\/h4>\r\n<p class=\"\" style=\"text-align: left;\">BPS Bildungsportal Sachsen GmbH\r\nBahnhofstra\u00dfe 6\r\n09111 Chemnitz<\/p>\r\n\r\n<h3 class=\"\" style=\"text-align: left;\">Haftungsausschluss<\/h3>\r\n<h4 class=\"\" style=\"text-align: left;\">1. Inhalt des Onlineangebotes<\/h4>\r\n<p class=\"\" style=\"text-align: left;\">Die Landesrektorenkonferenz Sachsen \u00fcbernimmt keinerlei Gew\u00e4hr f\u00fcr die Aktualit\u00e4t, Korrektheit, Vollst\u00e4ndigkeit oder Qualit\u00e4t der bereitgestellten Informationen. Haftungsanspr\u00fcche gegen die Landesrektorenkonferenz Sachsen, welche sich auf Sch\u00e4den materieller oder ideeller Art beziehen, die durch die Nutzung oder Nichtnutzung der dargebotenen Informationen bzw. durch die Nutzung fehlerhafter und unvollst\u00e4ndiger Informationen verursacht wurden, sind grunds\u00e4tzlich ausgeschlossen, sofern seitens der Landesrektorenkonferenz Sachsen kein nachweislich vors\u00e4tzliches oder grob fahrl\u00e4ssiges Verschulden vorliegt.\r\nAlle Angebote sind freibleibend und unverbindlich. Die Landesrektorenkonferenz Sachsen beh\u00e4lt es sich ausdr\u00fccklich vor, Teile der Seiten oder das gesamte Angebot ohne gesonderte Ank\u00fcndigung zu ver\u00e4ndern, zu erg\u00e4nzen, zu l\u00f6schen oder die Ver\u00f6ffentlichung zeitweise oder endg\u00fcltig einzustellen.<\/p>\r\n\r\n<h4 class=\"\" style=\"text-align: left;\">2. Verweise und Links<\/h4>\r\n<p class=\"\" style=\"text-align: left;\">Bei direkten oder indirekten Verweisen auf fremde Webseiten (\u201eHyperlinks\u201c), die au\u00dferhalb des Verantwortungsbereiches der Landesrektorenkonferenz Sachsen liegen, w\u00fcrde eine Haftungsverpflichtung ausschlie\u00dflich in dem Fall in Kraft treten, in dem die Landesrektorenkonferenz Sachsen von den Inhalten Kenntnis hat und es ihr technisch m\u00f6glich und zumutbar w\u00e4re, die Nutzung im Falle rechtswidriger Inhalte zu verhindern.\r\nDie Landesrektorenkonferenz Sachsen erkl\u00e4rt hiermit ausdr\u00fccklich, dass zum Zeitpunkt der Linksetzung keine illegalen Inhalte auf den zu verlinkenden Seiten erkennbar waren. Auf die aktuelle und zuk\u00fcnftige Gestaltung, die Inhalte oder die Urheberschaft der verlinkten\/verkn\u00fcpften Seiten hat die Landesrektorenkonferenz Sachsen keinerlei Einfluss. Deshalb distanziert sie sich hiermit ausdr\u00fccklich von allen Inhalten aller verlinkten\/verkn\u00fcpften Seiten, die nach der Linksetzung ver\u00e4ndert wurden. Diese Feststellung gilt f\u00fcr alle innerhalb des eigenen Internetangebotes gesetzten Links und Verweise. F\u00fcr illegale, fehlerhafte oder unvollst\u00e4ndige Inhalte und insbesondere f\u00fcr Sch\u00e4den, die aus der Nutzung oder Nichtnutzung solcherart dargebotener Informationen entstehen, haftet allein der Anbieter der Seite, auf welche verwiesen wurde, nicht derjenige, der \u00fcber Links auf die jeweilige Ver\u00f6ffentlichung lediglich verweist.\r\nSollten wir Kenntnis erlangen, dass die auf unserer Internetseite hinterlegten fremden Links oder Hyperlinks rechtswidrige Inhalte enthalten, werden wir die betroffenen Links und Hyperlinks umgehend entfernen.<\/p>\r\n\r\n<h4 class=\"\" style=\"text-align: left;\">3. Urheber- und Kennzeichenrecht<\/h4>\r\n<p class=\"\" style=\"text-align: left;\">Die Landesrektorenkonferenz Sachsen ist bestrebt, in allen Publikationen die Urheberrechte der verwendeten Bilder, Grafiken, Tondokumente, Videosequenzen und Texte zu beachten, von ihr selbst erstellte Bilder, Grafiken, Tondokumente, Videosequenzen und Texte zu nutzen oder auf lizenzfreie Grafiken, Tondokumente, Videosequenzen und Texte zur\u00fcckzugreifen.\r\nAlle innerhalb des Internetangebotes genannten und ggf. durch Dritte gesch\u00fctzten Marken- und Warenzeichen unterliegen uneingeschr\u00e4nkt den Bestimmungen des jeweils g\u00fcltigen Kennzeichenrechts und den Besitzrechten der jeweiligen eingetragenen Eigent\u00fcmer. Allein aufgrund der blo\u00dfen Nennung ist nicht der Schluss zu ziehen, dass Markenzeichen nicht durch Rechte Dritter gesch\u00fctzt sind!\r\nDas Copyright f\u00fcr ver\u00f6ffentlichte, von der Landesrektorenkonferenz Sachsen selbst erstellte Objekte bleibt allein bei der Autorin der Seiten. Eine Vervielf\u00e4ltigung oder Verwendung solcher Grafiken, Tondokumente, Videosequenzen und Texte in anderen elektronischen oder gedruckten Publikationen ist ohne ausdr\u00fcckliche Zustimmung der Landesrektorenkonferenz Sachsen nicht gestattet.<\/p>\r\n\r\n<h4 class=\"\" style=\"text-align: left;\">4. Datenschutz<\/h4>\r\n<p class=\"\" style=\"text-align: left;\">Sofern innerhalb des Internetangebotes die M\u00f6glichkeit zur Eingabe pers\u00f6nlicher oder gesch\u00e4ftlicher Daten (E-Mail-Adressen, Namen, Anschriften) besteht, so erfolgt die Preisgabe dieser Daten seitens des Nutzers auf ausdr\u00fccklich freiwilliger Basis. Die Inanspruchnahme und Bezahlung aller angebotenen Dienste ist \u2013 soweit technisch m\u00f6glich und zumutbar \u2013 auch ohne Angabe solcher Daten bzw. unter Angabe anonymisierter Daten oder eines Pseudonyms gestattet. N\u00e4here Informationen sind der Datenschutzerkl\u00e4rung zu entnehmen. Die Nutzung der im Rahmen des Impressums oder vergleichbarer Angaben ver\u00f6ffentlichten Kontaktdaten wie Postanschriften, Telefon- und Faxnummern sowie E-Mail-Adressen durch Dritte zur \u00dcbersendung von nicht ausdr\u00fccklich angeforderten Informationen ist nicht gestattet. Rechtliche Schritte gegen die Versender von sogenannten Spam-Mails bei Verst\u00f6\u00dfen gegen dieses Verbot sind ausdr\u00fccklich vorbehalten.<\/p>\r\n\r\n<h4 class=\"\" style=\"text-align: left;\">5. Rechtswirksamkeit dieses Haftungsausschlusses<\/h4>\r\n<p class=\"\" style=\"text-align: left;\">Dieser Haftungsausschluss ist als Teil des Internetangebotes zu betrachten, von dem aus auf diese Seite verwiesen wurde. Sofern Teile oder einzelne Formulierungen dieses Textes der geltenden Rechtslage nicht, nicht mehr oder nicht vollst\u00e4ndig entsprechen sollten, bleiben die \u00fcbrigen Teile des Dokumentes in ihrem Inhalt und ihrer G\u00fcltigkeit davon unber\u00fchrt.\r\nDer vorliegende Haftungssauschlusstext basiert auf dem kostenfreien Dienst von www.disclaimer.de.<\/p>\r\n\r\n<h3 class=\"\" style=\"text-align: left;\">Bildnachweise<\/h3>\r\n<h4 class=\"\" style=\"text-align: left;\">Sichtweisen s\u00e4chsischer E-Learning Akteure<\/h4>\r\n<p class=\"\" style=\"text-align: left;\">\u00a9 M. Sc. Dipl.-Inf. (FH) Knut Altroggen (Portrait) \u2013 M. Sc. Dipl.-Inf. (FH) Knut Altroggen\r\n\u00a9 Prof Dr. Ulrich Eisenecker (Portrait) \u2013 Prof Dr. Ulrich Eisenecker\r\n\u00a9 Prue Goredema (Portrait) \u2013 Prue Goredema\r\n\u00a9 Prof. Dr. Michael B. Hinner (Portrait) \u2013 Janka Juh\u00e1sz\r\n\u00a9 Prof. Dr. Phil Gabriele Hooffacker (Portrait) \u2013 Noha Cohen\r\n\u00a9 Prof. Dr. Thomas K\u00f6hler (Portrait) \u2013 Kirsten Johannes Lassig\r\n\u00a9 PD Dr.-Ing. habil. Ulrich Maschek (Portrait) \u2013 PD Dr.-Ing. habil. Ulrich Maschek\r\n\u00a9 Prof. Dr. G\u00fcnter Daniel Rey (Portrait) \u2013 Prof. Dr. G\u00fcnter Daniel Rey\r\n\u00a9 Prof. Dr. Stefan Scherbaum (Portrait) \u2013 Prof. Dr. Stefan Scherbaum\r\n\u00a9 Prof. Dr. Eric Schoop (Portrait) \u2013 Prof. Dr. Eric Schoop\r\n\u00a9 Prof. Dr. Ralph Sonntag (Portrait) \u2013 Prof. Dr. Ralph Sonntag\r\n\u00a9 Dipl.-Medieninf. Alexander W\u00fclfing (Portrait) \u2013 Dipl.-Medieninf. Alexander W\u00fclfing<\/p>\r\n\r\n<\/div>\r\n<\/div>\r\n<\/div>\r\n<\/div>","protected":false},"excerpt":{"rendered":"<p>Impressum Herausgeber Stellvertretend f\u00fcr die Landesrektorenkonferenz Sachsen die derzeitige Gesch\u00e4ftsstelle: Gesch\u00e4ftsstelle der Landesrektorenkonferenz Sachsen c\/o Technische Universit\u00e4t Bergakademie Freiberg B\u00fcro des Rektors Akademiestra\u00dfe 6 09599 Freiberg E-Mail: g&#101;&#115;&#x63;&#x68;&#x61;ef&#116;&#115;&#x73;&#x74;&#x65;l&#108;&#101;&#46;&#x6c;&#x72;&#x6b;&#64;&#122;&#117;&#x76;&#x2e;&#x74;u-&#102;&#114;&#x65;&#x69;&#x62;e&#114;&#103;&#46;&#x64;&#x65; Die Technische Universit\u00e4t Bergakademie Freiberg ist eine K\u00f6rperschaft des \u00d6ffentlichen Rechts. Sie wird durch den Rektor Prof. Dr. Klaus-Dieter Barbknecht gesetzlich vertreten. Die Umsatzsteueridentifikations-Nr. nach \u00a7 27a&hellip; <br \/> <a class=\"read-more\" href=\"https:\/\/bildungsportal.sachsen.de\/impulse\/impressum\/\">Read more<\/a><\/p>\n","protected":false},"author":5,"featured_media":0,"parent":0,"menu_order":0,"comment_status":"closed","ping_status":"closed","template":"pro\/page-templates\/full-width-page.php","meta":[],"_links":{"self":[{"href":"https:\/\/bildungsportal.sachsen.de\/impulse\/wp-json\/wp\/v2\/pages\/630"}],"collection":[{"href":"https:\/\/bildungsportal.sachsen.de\/impulse\/wp-json\/wp\/v2\/pages"}],"about":[{"href":"https:\/\/bildungsportal.sachsen.de\/impulse\/wp-json\/wp\/v2\/types\/page"}],"author":[{"embeddable":true,"href":"https:\/\/bildungsportal.sachsen.de\/impulse\/wp-json\/wp\/v2\/users\/5"}],"replies":[{"embeddable":true,"href":"https:\/\/bildungsportal.sachsen.de\/impulse\/wp-json\/wp\/v2\/comments?post=630"}],"version-history":[{"count":17,"href":"https:\/\/bildungsportal.sachsen.de\/impulse\/wp-json\/wp\/v2\/pages\/630\/revisions"}],"predecessor-version":[{"id":6390,"href":"https:\/\/bildungsportal.sachsen.de\/impulse\/wp-json\/wp\/v2\/pages\/630\/revisions\/6390"}],"wp:attachment":[{"href":"https:\/\/bildungsportal.sachsen.de\/impulse\/wp-json\/wp\/v2\/media?parent=630"}],"curies":[{"name":"wp","href":"https:\/\/api.w.org\/{rel}","templated":true}]}}