{"id":631,"date":"2018-07-23T15:20:29","date_gmt":"2018-07-23T13:20:29","guid":{"rendered":"https:\/\/bildungsportal.sachsen.de\/microsite\/?page_id=631"},"modified":"2021-07-06T15:13:03","modified_gmt":"2021-07-06T13:13:03","slug":"datenschutz","status":"publish","type":"page","link":"https:\/\/bildungsportal.sachsen.de\/impulse\/datenschutz\/","title":{"rendered":"Datenschutz"},"content":{"rendered":"<div data-label=\"Content\" data-id=\"content--1\" data-export-id=\"content-12\" data-category=\"content\" class=\"content-12 content-section content-section-spacing\" id=\"content-1\" style=\"background-color: #ffffff;\">\r\n<div class=\"gridContainer\">\r\n<div class=\"row text-center\">\r\n<div class=\"section-title-col\" data-type=\"column\">\r\n<h2 class=\"\">Datenschutzerkl\u00e4rung<\/h2>\r\n<p class=\"lead\"><\/p>\r\n\r\n<\/div>\r\n<\/div>\r\n<div class=\"row center-xs middle-xs\">\r\n<div class=\"col-sm-9\" data-type=\"column\">\r\n<h3 class=\"\" style=\"text-align: left;\">1. Zust\u00e4ndigkeiten<\/h3>\r\n<h4 class=\"\" style=\"text-align: left;\">Herausgeber<\/h4>\r\n<p class=\"\" style=\"text-align: left;\">Verantwortlich f\u00fcr die Website IMPULS#E Bildungsportal Sachsen der E-Learning-Landesinitiative Bildungsportal Sachsen, vertreten durch den Arbeitskreis E-Learning der LRK Sachsen, im Sinne der EU-Datenschutz-Grundverordnung (DSGVO), des Bundesdatenschutzgesetzes (BDSG), des S\u00e4chsischen Datenschutzgesetzes (S\u00e4chsDSG), des S\u00e4chsischen Datenschutzdurchf\u00fchrungsgesetzes (S\u00e4chsDSDG), anderer nationaler Datenschutzgesetze der EU-Mitgliedstaaten sowie sonstiger datenschutzrechtlicher Bestimmungen in der jeweils g\u00fcltigen Fassung ist stellvertretend f\u00fcr die Landesrektorenkonferenz Sachsen die derzeitige Gesch\u00e4ftsstelle:\r\n\r\nGesch\u00e4ftsstelle der Landesrektorenkonferenz Sachsen\r\nc\/o Technische Universit\u00e4t Bergakademie Freiberg\r\nB\u00fcro des Rektors\r\nAkademiestra\u00dfe 6\r\n09599 Freiberg\r\nE-Mail: <a href=\"&#109;&#x61;i&#x6c;&#x74;&#111;&#x3a;g&#101;&#x73;&#99;&#x68;a&#101;&#x66;t&#x73;s&#116;&#x65;l&#x6c;&#x65;&#46;&#x6c;r&#107;&#x40;&#122;&#x75;v&#46;&#x74;&#117;&#x2d;f&#114;&#x65;i&#x62;&#x65;&#114;&#x67;&#46;&#100;&#x65;\" target=\"_self\" data-cp-link=\"1\" rel=\"noopener noreferrer\">&#x67;&#x65;&#x73;&#x63;&#104;&#97;eft&#x73;&#x73;&#x74;&#x65;&#108;&#108;e&#46;l&#x72;&#x6b;&#x40;&#x7a;&#117;&#118;&#46;tu&#x2d;&#x66;&#x72;&#x65;&#105;&#98;&#101;rg&#x2e;&#x64;&#x65;<\/a>\r\n\r\n\r\nDie Technische Universit\u00e4t Bergakademie Freiberg ist eine K\u00f6rperschaft des \u00d6ffentlichen Rechts. Sie wird durch den Rektor Prof. Dr. Klaus-Dieter Barbknecht gesetzlich vertreten.\r\nDie Gesch\u00e4ftsstelle der Landesrektorenkonferenz Sachsen\/Technische Universit\u00e4t Bergakademie Freiberg unterliegt als \u00f6ffentliche Stelle den oben genannten Verordnungen, Gesetzen und rechtlichen Bestimmungen.<\/p>\r\n\r\n<h4 class=\"\" style=\"text-align: left;\">Zust\u00e4ndige Aufsichtsbeh\u00f6rde der Technischen Universit\u00e4t Bergakademie Freiberg<\/h4>\r\n<p class=\"\" style=\"text-align: left;\">S\u00e4chsisches Staatsministerium f\u00fcr Wissenschaft, Kultur und Tourismus\r\nWigardstra\u00dfe 17\r\n01097 Dresden\r\nPostanschrift:\r\nPostfach 10 09 20\r\n01076 Dresden<\/p>\r\n\r\n<h4 class=\"\" style=\"text-align: left;\">Datenschutzbeauftragte der Technischen Universit\u00e4t Bergakademie Freiberg<\/h4>\r\n<p class=\"\" style=\"text-align: left;\">Technische Universit\u00e4t Bergakademie Freiberg\r\nDatenschutzbeauftragte\r\nUlrike Unger\r\nAkademiestra\u00dfe 6\r\n09599 Freiberg\r\nTel.: (03731) 39 32 43\r\nE-Mail: <a href=\"m&#97;&#x69;&#x6c;&#x74;o&#58;&#x44;&#x61;&#x74;e&#110;&#x73;&#x63;&#x68;u&#116;&#x7a;&#x40;&#x7a;u&#118;&#x2e;&#x74;&#x75;-&#102;&#x72;&#x65;&#x69;b&#101;&#x72;&#x67;&#x2e;d&#101;\" target=\"_self\" data-cp-link=\"1\" rel=\"noopener noreferrer\">Dat&#101;&#110;&#115;&#x63;&#x68;&#x75;&#x74;&#x7a;&#x40;zuv&#46;&#116;&#117;&#45;&#x66;&#x72;&#x65;&#x69;&#x62;&#x65;rg&#46;&#100;&#101;<\/a><\/p>\r\n\r\n<h4 class=\"\" style=\"text-align: left;\">Zust\u00e4ndige Aufsichtsbeh\u00f6rde f\u00fcr den Datenschutz<\/h4>\r\n<p class=\"\" style=\"text-align: left;\">S\u00e4chsischer Datenschutzbeauftragter\r\nAndreas Schurig\r\nDevrientstra\u00dfe 5\r\n01067 Dresden\r\nE-Mail: <a href=\"&#x6d;&#x61;&#105;lt&#x6f;&#x3a;&#37;&#50;0&#x73;&#x61;&#101;&#99;h&#x73;&#x64;&#x73;&#98;&#64;s&#x6c;&#x74;&#46;&#115;a&#x63;&#x68;&#115;&#101;n&#x2e;&#x64;&#101;\" target=\"_self\" data-cp-link=\"1\" rel=\"noopener noreferrer\">&#x73;&#x61;&#x65;&#x63;&#104;&#115;dsb&#x40;&#x73;&#x6c;&#x74;&#46;&#115;ach&#x73;&#x65;&#x6e;&#x2e;&#100;&#101;<\/a>\r\nTel.: (0351) 85 47 11 01\r\nInternet: <a href=\"https:\/\/www.saechsdsb.de\" target=\"_blank\" rel=\"noopener noreferrer\" data-cp-link=\"1\" class=\"\">https:\/\/www.saechsdsb.de<\/a><\/p>\r\n\r\n<h4 class=\"\" style=\"text-align: left;\">Inhaltliche Bereitstellung und Ansprechpartner f\u00fcr die Website<\/h4>\r\n<p class=\"\" style=\"text-align: left;\">Arbeitskreis E-Learning der Landesrektorenkonferenz Sachsen\r\nGesch\u00e4ftsstelle\r\nTechnische Universit\u00e4t Dresden\r\nMedienzentrum (MZ)\r\n01062 Dresden\r\nTel.: (0351) 46 34 02 64\r\nE-Mail: <a href=\"&#x6d;&#97;&#x69;&#x6c;&#116;&#x6f;&#58;a&#x6b;&#45;e&#x6c;&#101;a&#x72;&#110;i&#x6e;&#103;&#x40;&#x6c;&#114;&#x6b;&#x2d;&#115;&#x61;&#99;h&#x73;&#101;n&#x2e;&#100;e\">&#x61;k&#x2d;&#101;l&#x65;&#97;&#x72;&#110;i&#x6e;&#103;&#x40;&#108;r&#x6b;&#45;&#x73;&#x61;c&#x68;&#115;e&#x6e;&#46;&#x64;&#101;<\/a><\/p>\r\n\r\n<h4 class=\"\" style=\"text-align: left;\">Technische Bereitstellung<\/h4>\r\n<p class=\"\" style=\"text-align: left;\">BPS Bildungsportal Sachsen GmbH\r\nBahnhofstra\u00dfe 6\r\n09111 Chemnitz<a href=\"ma&#105;&#108;&#116;&#x6f;&#x3a;&#x25;&#x32;&#x30;in&#102;&#111;&#64;&#x62;&#x70;&#x73;&#x2d;&#x73;ys&#116;&#101;&#109;&#x2e;&#x64;&#x65;\" target=\"_self\" data-cp-link=\"1\" rel=\"noopener noreferrer\"><\/a><\/p>\r\n\r\n<h3 class=\"\" style=\"text-align: left;\">2. Erfassung, Verarbeitung und Speicherung von Daten<\/h3>\r\n<h4 class=\"\" style=\"text-align: left;\">2.1 Besuch unserer Website<\/h4>\r\n<p class=\"\" style=\"text-align: left;\">Zum Schutz Ihrer Rechte haben wir technische und organisatorische Ma\u00dfnahmen getroffen, dass die Vorschriften \u00fcber den Datenschutz entsprechend den oben genannten Verordnungen, Gesetzen und rechtlichen Bestimmungen sowohl innerhalb der E-Learning-Landesinitiative Bildungsportal Sachsen als auch von externen Dienstleistern \u2013 falls diese an unserem Angebot mitwirken \u2013 beachtet werden.\r\n\r\n\r\nIn Verbindung mit Ihrem Zugriff auf die Website der E-Learning-Landesinitiative Bildungsportal Sachsen werden auf den Servern der BPS Bildungsportal Sachsen GmbH f\u00fcr Zwecke der Datensicherheit vor\u00fcbergehend Daten gespeichert, die m\u00f6glicherweise eine Identifizierung zulassen. Bei jedem Aufruf und jeder Nutzung der vorliegenden Website werden Daten und Informationen erfasst. Diese werden in Logfiles auf den Servern der BPS Bildungsportal Sachsen GmbH gespeichert. Erfasst werden k\u00f6nnen:<\/p>\r\n\r\n<ul class=\"\" style=\"text-align: left; list-style-type: square;\">\r\n \t<li>IP-Adresse des Endger\u00e4tes<\/li>\r\n \t<li>Name der abgerufenen Datei\/URL<\/li>\r\n \t<li>Datum und Uhrzeit des Abrufs<\/li>\r\n \t<li>\u00dcbertragene Datenmenge<\/li>\r\n \t<li>Meldung, ob der Abruf erfolgreich war<\/li>\r\n \t<li>Verwendeter Internetbrowser und verwendetes Betriebssystem<\/li>\r\n<\/ul>\r\n<p class=\"\" style=\"text-align: left;\">Rechtsgrundlage f\u00fcr die vor\u00fcbergehende Speicherung der Daten, Informationen und Logfiles ist Art. 6 Abs. 1 lit. f DSGVO.\r\n\r\n\r\nDie vor\u00fcbergehende Speicherung der IP-Adresse durch das System ist notwendig, um eine Auslieferung der Website an das Endger\u00e4t des Nutzers zu erm\u00f6glichen. Hierf\u00fcr muss die IP-Adresse des Nutzers f\u00fcr die Dauer des Besuchs der Website gespeichert bleiben. Die Speicherung der Daten und Informationen in Logfiles erfolgt zur Sicherstellung der Funktionsf\u00e4higkeit und Optimierung der Inhalte der Website sowie zur Gew\u00e4hrleistung der Sicherheit unserer informationstechnischen Systeme. Die Daten werden gel\u00f6scht, sobald sie f\u00fcr die Erreichung des Zweckes ihrer Erhebung nicht mehr erforderlich sind. Bei der Erfassung der Daten zur Bereitstellung der Website ist dies der Fall, wenn die jeweilige Sitzung beendet ist. Bei Speicherung der Daten in Logfiles ist dies nach sp\u00e4testens vier Tagen der Fall. Eine dar\u00fcberhinausgehende Speicherung ist m\u00f6glich. In diesem Fall wird die IP-Adresse des Nutzers gel\u00f6scht oder verfremdet, sodass eine Zuordnung des aufrufenden Clients nicht mehr m\u00f6glich ist.<\/p>\r\n\r\n<h4 class=\"\" style=\"text-align: left;\">2.2 Verwendung von Cookies<\/h4>\r\n<p class=\"\" style=\"text-align: left;\">Unsere Website verwendet Cookies. Cookies sind kleine Textdateien, die im Internetbrowser bzw. vom Internetbrowser auf dem Endger\u00e4t des Nutzers gespeichert werden. Beim Aufruf unserer Website k\u00f6nnen Cookies in Ihrem Betriebssystem gespeichert werden. Diese enthalten eine charakteristische Zeichenfolge, die eine eindeutige Identifizierung des Internetbrowsers beim erneuten Aufruf der Website erm\u00f6glicht. Wir setzen Cookies ein, um unsere Website f\u00fcr Sie optimal und nutzerfreundlich zu gestalten sowie fortlaufend zu verbessern.\r\n\r\n\r\nRechtsgrundlage f\u00fcr die Verarbeitung personenbezogener Daten unter Verwendung von Cookies ist Art. 6 Abs. 1 lit. f DSGVO.\r\n\r\n\r\nZweck der Verwendung technisch notwendiger Cookies ist es, die Nutzung von Websites zu vereinfachen. Cookies werden auf Ihrem Endger\u00e4t gespeichert und von diesem an uns \u00fcbermittelt. Somit haben Sie die volle Kontrolle \u00fcber die Verwendung von Cookies. Durch eine \u00c4nderung in Ihrem Internetbrowser k\u00f6nnen Sie die \u00dcbertragung von Cookies deaktivieren oder einschr\u00e4nken. Bereits gespeicherte Cookies k\u00f6nnen jederzeit gel\u00f6scht werden. Dies kann auch automatisiert erfolgen. Deaktivieren Sie Cookies f\u00fcr unsere Website, k\u00f6nnen m\u00f6glicherweise nicht mehr alle Funktionen in vollem Umfang genutzt werden.<\/p>\r\n\r\n<h4 class=\"\" style=\"text-align: left;\">2.3 Kommentarfunktion<\/h4>\r\n<p style=\"text-align: left;\" class=\"\">Auf unserer Website stellen wir Ihnen eine Kommentarfunktion zur Verf\u00fcgung, welche Sie zur Kommunikation von Anregungen und Erfahrungen zum Thema E-Learning verwenden k\u00f6nnen. Dabei werden die von Ihnen in der Eingabemaske eingegebenen Daten an uns \u00fcbermittelt, gespeichert und auf der Website ver\u00f6ffentlicht.<\/p>\r\n<p style=\"text-align: left;\" class=\"\">Nach Absenden Ihres Kommentars werden der von Ihnen angegebene Name, Datum und Uhrzeit sowie der Kommentar an unseren Server gesandt.<\/p>\r\n<p style=\"text-align: left;\" class=\"\">In Logdateien werden zur Sicherstellung des Betriebes sowie zur Gew\u00e4hrleistung der Datensicherheit die Verbindungsdaten gespeichert. Eine Auswertung dieser Daten erfolgt grunds\u00e4tzlich nicht.<\/p>\r\n<p style=\"text-align: left;\" class=\"\">Rechtsgrundlage f\u00fcr die Verarbeitung der Kommentare ist Art. 6 Abs. 1 lit. e DSGVO. Die Kommentarfunktion erf\u00fcllt ein \u00f6ffentliches Interesse, da die Nutzer Anregungen und Erfahrungen zum Einsatz digitaler Medien in der Lehre sowohl kommunizieren als auch erhalten k\u00f6nnen und diese Kommentare als Anregung zur Weiterentwicklung und Optimierung im Bereich E-Learning herangezogen werden.<\/p>\r\n<p style=\"text-align: left;\" class=\"\">Ihre Daten werden gel\u00f6scht, sobald sie f\u00fcr die Erreichung des Zweckes ihrer Erhebung nicht mehr erforderlich sind. Bei der L\u00f6schung eines Artikels oder der gesamten Website werden alle zugeh\u00f6rigen Kommentare ebenfalls entfernt.<\/p>\r\n\r\n<h4 class=\"\" style=\"text-align: left;\">2.4 E-Mail-Kontakt und Telefon<\/h4>\r\n<p style=\"text-align: left;\" class=\"\">Bei der Verwendung der angebotenen E-Mail-Kontaktadressen auf\r\nverschiedenen\u00a0Seiten unserer Website werden nur die von Ihnen\r\neingegebenen Daten an den\/die Empf\u00e4nger\/-in der E-Mail weitergeleitet.\r\nIn Logdateien k\u00f6nnen zur Sicherstellung des Betriebes sowie zur\r\nGew\u00e4hrleistung der Datensicherheit die Verbindungsdaten gespeichert\r\nwerden. Eine Auswertung dieser Daten erfolgt grunds\u00e4tzlich nicht. Die\r\nvon Ihnen \u00fcbermittelten Daten werden ausschlie\u00dflich zur Beantwortung\r\nIhres Anliegens verwendet und bei Bedarf an entsprechende\r\nAnsprechpersonen weitergeleitet, um Ihre Anfrage bestm\u00f6glich\u00a0bearbeiten\r\nzu k\u00f6nnen. Ihre Daten werden sowohl bei uns als auch bei den\r\nAnsprechpersonen gel\u00f6scht, sobald sie f\u00fcr die Erreichung des Zweckes\r\nihrer Erhebung nicht mehr erforderlich sind. Sollten Sie mit\r\neiner\u00a0Weiterleitung Ihrer E-Mail-Anfrage an entsprechende\r\nAnsprechpersonen\u00a0grunds\u00e4tzlich nicht einverstanden sein, teilen Sie uns\r\ndies bitte in Ihrer Anfrage\u00a0mit.<\/p>\r\n<p style=\"text-align: left;\" class=\"\">Treten Sie per Telefon in Kontakt, werden die von Ihnen\r\ngemachten Angaben ausschlie\u00dflich zum Zweck der Bearbeitung Ihrer\u00a0Anfrage\r\nsowie f\u00fcr m\u00f6gliche Anschlussfragen\u00a0gespeichert.<\/p>\r\n<p style=\"text-align: left;\" class=\"\">Rechtsgrundlage f\u00fcr die Verarbeitung der Daten bei Kontaktaufnahme\r\nper E-Mail oder Telefon ist Art. 6 Abs. 1 lit. b DSGVO.\r\nDie L\u00f6schung der Daten erfolgt mit Wegfall ihrer Erforderlichkeit. Es\r\ngelten die gesetzlichen Aufbewahrungspflichten.<\/p>\r\n\r\n<h4 class=\"\" style=\"text-align: left;\">2.5 SSL- bzw. TLS-Verschl\u00fcsselung<\/h4>\r\n<p class=\"\" style=\"text-align: left;\">Unsere Website verwendet aus Sicherheitsgr\u00fcnden und zum Schutz der \u00dcbertragung vertraulicher Inhalte, wie zum Beispiel Anfragen, die Sie an uns senden, eine SSL-bzw. TLS-Verschl\u00fcsselung. Eine verschl\u00fcsselte Verbindung erkennen Sie daran, dass die Adresszeile Ihres Internetbrowsers von \u201ehttp:\/\/\u2026\u201c auf \u201ehttps:\/\/\u2026\u201c wechselt und an dem Schloss-Symbol in der Browserzeile. Wenn die SSL- bzw. TLS-Verschl\u00fcsselung aktiviert ist, k\u00f6nnen Daten, die Sie an uns \u00fcbermitteln, nicht von Dritten mitgelesen werden.<\/p>\r\n\r\n<h3 class=\"\" style=\"text-align: left;\">3. Ihre Rechte<\/h3>\r\n<p class=\"\" style=\"text-align: left;\">Sie haben das Recht auf \u2026<\/p>\r\n\r\n<ul class=\"\" style=\"text-align: left; list-style-type: square;\">\r\n \t<li>Auskunft \u00fcber die bei uns zu Ihrer Person gespeicherten Daten (Art. 15 DSGVO),<\/li>\r\n \t<li>Berichtigung unrichtiger oder unvollst\u00e4ndiger personenbezogener Daten (Art. 16 DSGVO),<\/li>\r\n \t<li>L\u00f6schung gespeicherter personenbezogener Daten, soweit nicht die Verarbeitung zur Aus\u00fcbung des Rechts auf freie Meinungs\u00e4u\u00dferung und Information, zur Erf\u00fcllung einer rechtlichen Verpflichtung, aus Gr\u00fcnden des \u00f6ffentlichen Interesses oder zur Geltendmachung, Aus\u00fcbung oder Verteidigung von Rechtsanspr\u00fcchen erforderlich ist (Art. 17 DSGVO),<\/li>\r\n \t<li>Einschr\u00e4nkung der Verarbeitung personenbezogener Daten (Art. 18 DSGVO),<\/li>\r\n \t<li>Daten\u00fcbertragbarkeit (Art. 20 DSGVO),<\/li>\r\n \t<li>Widerspruch gegen eine Verarbeitung, die unserem berechtigten Interesse, einem \u00f6ffentlichen Interesse oder einem Profiling dient, es sei denn, wir k\u00f6nnen zwingende schutzw\u00fcrdige Gr\u00fcnde f\u00fcr die Verarbeitung nachweisen, die Ihre Interessen, Rechte und Freiheiten \u00fcberwiegen oder die Verarbeitung dient der Geltendmachung, Aus\u00fcbung oder Verteidigung von Rechtsanspr\u00fcchen (Art. 21 DSGVO),<\/li>\r\n \t<li>Beschwerde bei einer Aufsichtsbeh\u00f6rde, wenn Sie der Ansicht sind, dass die Verarbeitung der Sie betreffenden personenbezogenen Daten gegen die DSGVO verst\u00f6\u00dft (Art. 77 DSGVO),<\/li>\r\n \t<li>Widerruf erteilter Einwilligungen zur Erhebung, Verarbeitung und Nutzung Ihrer personenbezogenen Daten jederzeit mit Wirkung f\u00fcr die Zukunft (Art. 7 Abs. 3 DSGVO). Dies hat zur Folge, dass wir die Datenverarbeitung, die auf dieser Einwilligung beruhte, f\u00fcr die Zukunft nicht mehr fortf\u00fchren d\u00fcrfen.<\/li>\r\n<\/ul>\r\n<\/div>\r\n<\/div>\r\n<\/div>\r\n<\/div>","protected":false},"excerpt":{"rendered":"<p>Datenschutzerkl\u00e4rung 1. Zust\u00e4ndigkeiten Herausgeber Verantwortlich f\u00fcr die Website IMPULS#E Bildungsportal Sachsen der E-Learning-Landesinitiative Bildungsportal Sachsen, vertreten durch den Arbeitskreis E-Learning der LRK Sachsen, im Sinne der EU-Datenschutz-Grundverordnung (DSGVO), des Bundesdatenschutzgesetzes (BDSG), des S\u00e4chsischen Datenschutzgesetzes (S\u00e4chsDSG), des S\u00e4chsischen Datenschutzdurchf\u00fchrungsgesetzes (S\u00e4chsDSDG), anderer nationaler Datenschutzgesetze der EU-Mitgliedstaaten sowie sonstiger datenschutzrechtlicher Bestimmungen in der jeweils g\u00fcltigen Fassung ist stellvertretend&hellip; <br \/> <a class=\"read-more\" href=\"https:\/\/bildungsportal.sachsen.de\/impulse\/datenschutz\/\">Read more<\/a><\/p>\n","protected":false},"author":5,"featured_media":0,"parent":0,"menu_order":0,"comment_status":"closed","ping_status":"closed","template":"pro\/page-templates\/full-width-page.php","meta":[],"_links":{"self":[{"href":"https:\/\/bildungsportal.sachsen.de\/impulse\/wp-json\/wp\/v2\/pages\/631"}],"collection":[{"href":"https:\/\/bildungsportal.sachsen.de\/impulse\/wp-json\/wp\/v2\/pages"}],"about":[{"href":"https:\/\/bildungsportal.sachsen.de\/impulse\/wp-json\/wp\/v2\/types\/page"}],"author":[{"embeddable":true,"href":"https:\/\/bildungsportal.sachsen.de\/impulse\/wp-json\/wp\/v2\/users\/5"}],"replies":[{"embeddable":true,"href":"https:\/\/bildungsportal.sachsen.de\/impulse\/wp-json\/wp\/v2\/comments?post=631"}],"version-history":[{"count":23,"href":"https:\/\/bildungsportal.sachsen.de\/impulse\/wp-json\/wp\/v2\/pages\/631\/revisions"}],"predecessor-version":[{"id":6392,"href":"https:\/\/bildungsportal.sachsen.de\/impulse\/wp-json\/wp\/v2\/pages\/631\/revisions\/6392"}],"wp:attachment":[{"href":"https:\/\/bildungsportal.sachsen.de\/impulse\/wp-json\/wp\/v2\/media?parent=631"}],"curies":[{"name":"wp","href":"https:\/\/api.w.org\/{rel}","templated":true}]}}