{"id":632,"date":"2018-07-23T15:20:29","date_gmt":"2018-07-23T13:20:29","guid":{"rendered":"https:\/\/bildungsportal.sachsen.de\/microsite\/?page_id=632"},"modified":"2020-02-17T07:35:20","modified_gmt":"2020-02-17T06:35:20","slug":"ueber-uns","status":"publish","type":"page","link":"https:\/\/bildungsportal.sachsen.de\/impulse\/ueber-uns\/","title":{"rendered":"\u00dcber uns"},"content":{"rendered":"<div  data-label=\"Content\" data-id=\"content--1\" data-export-id=\"content-12\" data-category=\"content\" class=\"content-12 content-section content-section-spacing\" id=\"content-1\" style=\"background-color: rgb(255, 255, 255);\"><div  class=\"gridContainer\"> <div  class=\"row text-center\"><div  class=\"section-title-col\" data-type=\"column\"> \r\n<h2  class=\"\">\u00dcber IMPULS#E<\/h2> \r\n<p  class=\"lead\" style=\"text-align: left;\">IMPULS#E ist die Website f\u00fcr E-Learning-Einsteiger der s\u00e4chsischen E-Learning-Landesinitiative Bildungsportal Sachsen. Sie ist speziell f\u00fcr Lehrende an s\u00e4chsischen Hochschulen gedacht, steht aber nat\u00fcrlich auch allen anderen Interessierten offen.<br ><br >\r\nAuf dieser Website finden Sie Informationen zum Einsatz digitaler Medien in der Lehre. Wie der Name bereits verr\u00e4t, soll diese Seite \u201eImpulse\u201d geben, die Sie in Ihre Lehre einflie\u00dfen lassen k\u00f6nnen.\r\n<br >\r\n<br >Die Website entstand im Rahmen einer Projektf\u00f6rderung im Jahr 2018 und wird technisch und redaktionell durch die Gesch\u00e4ftsstelle des Arbeitskreis E-Learning der Landesrektorenkonferenz Sachsen betreut.<\/p><\/div> <\/div> <div  class=\"row center-xs middle-xs\"> <div  class=\"col-sm-9\" data-type=\"column\"> <\/div> <\/div><\/div> <\/div><div  data-label=\"Content\" data-id=\"content--2\" data-export-id=\"content-12\" data-category=\"content\" class=\"content-12 content-section content-section-spacing\" id=\"content-2\" style=\"background-color: rgb(255, 255, 255); background-image: none;\"><div  class=\"gridContainer\"> <div  class=\"row text-center\"><div  class=\"section-title-col\" data-type=\"column\"> <h2  class=\"\">Nehmen Sie Kontakt auf<\/h2> <p  class=\"lead\">Sie haben Anmerkungen, Verbesserungsw\u00fcnsche, Lob oder Kritik? Schreiben Sie eine E-Mail an <a href=\"&#109;&#x61;&#105;&#x6c;&#116;&#x6f;&#58;&#x6d;&#97;&#x72;&#107;&#x65;&#116;&#x69;&#110;&#x67;&#64;&#x6c;&#114;&#x6b;&#45;&#x73;&#97;&#x63;&#104;&#x73;&#101;&#x6e;&#46;&#x64;&#101;\" target=\"_blank\" rel=\"noopener noreferrer\" data-mce-href=\"mailto: &#109;&#x61;&#x72;k&#101;&#x74;i&#110;&#x67;&#x40;l&#114;&#x6b;-&#115;&#x61;&#x63;h&#115;&#x65;n&#46;&#x64;&#x65;\" data-cp-link=\"1\">marketing&#64;lr&#107;&#45;&#115;&#97;&#99;&#104;&#115;&#101;&#110;&#46;&#100;&#101;<\/a><\/p><\/div> <\/div> <div  class=\"row center-xs middle-xs\"> <div  class=\"col-sm-9\" data-type=\"column\"> <img  class=\"shadow-large\" src=\"https:\/\/bildungsportal.sachsen.de\/impulse\/wp-content\/uploads\/2018\/09\/cropped-rakete_nueng-1.png\" alt=\"\" title=\"cropped-rakete_nueng-1.png\"><\/div> <\/div><\/div> <\/div>","protected":false},"excerpt":{"rendered":"<p>\u00dcber IMPULS#E IMPULS#E ist die Website f\u00fcr E-Learning-Einsteiger der s\u00e4chsischen E-Learning-Landesinitiative Bildungsportal Sachsen. Sie ist speziell f\u00fcr Lehrende an s\u00e4chsischen Hochschulen gedacht, steht aber nat\u00fcrlich auch allen anderen Interessierten offen. Auf dieser Website finden Sie Informationen zum Einsatz digitaler Medien in der Lehre. Wie der Name bereits verr\u00e4t, soll diese Seite \u201eImpulse\u201d geben, die Sie&hellip; <br \/> <a class=\"read-more\" href=\"https:\/\/bildungsportal.sachsen.de\/impulse\/ueber-uns\/\">Read more<\/a><\/p>\n","protected":false},"author":5,"featured_media":0,"parent":0,"menu_order":0,"comment_status":"closed","ping_status":"closed","template":"pro\/page-templates\/full-width-page.php","meta":[],"_links":{"self":[{"href":"https:\/\/bildungsportal.sachsen.de\/impulse\/wp-json\/wp\/v2\/pages\/632"}],"collection":[{"href":"https:\/\/bildungsportal.sachsen.de\/impulse\/wp-json\/wp\/v2\/pages"}],"about":[{"href":"https:\/\/bildungsportal.sachsen.de\/impulse\/wp-json\/wp\/v2\/types\/page"}],"author":[{"embeddable":true,"href":"https:\/\/bildungsportal.sachsen.de\/impulse\/wp-json\/wp\/v2\/users\/5"}],"replies":[{"embeddable":true,"href":"https:\/\/bildungsportal.sachsen.de\/impulse\/wp-json\/wp\/v2\/comments?post=632"}],"version-history":[{"count":10,"href":"https:\/\/bildungsportal.sachsen.de\/impulse\/wp-json\/wp\/v2\/pages\/632\/revisions"}],"predecessor-version":[{"id":5188,"href":"https:\/\/bildungsportal.sachsen.de\/impulse\/wp-json\/wp\/v2\/pages\/632\/revisions\/5188"}],"wp:attachment":[{"href":"https:\/\/bildungsportal.sachsen.de\/impulse\/wp-json\/wp\/v2\/media?parent=632"}],"curies":[{"name":"wp","href":"https:\/\/api.w.org\/{rel}","templated":true}]}}